{"id":2,"date":"2024-01-13T10:11:31","date_gmt":"2024-01-13T15:11:31","guid":{"rendered":"https:\/\/adonato.dectim.ca\/agencetim\/?page_id=2"},"modified":"2026-01-07T10:05:29","modified_gmt":"2026-01-07T15:05:29","slug":"about","status":"publish","type":"page","link":"https:\/\/adonato.dectim.ca\/agencetim\/about\/","title":{"rendered":"\u00c0 propos"},"content":{"rendered":"\n<div class=\"wp-block-media-text is-stacked-on-mobile is-vertically-aligned-top\" style=\"grid-template-columns:34% auto\"><figure class=\"wp-block-media-text__media\"><img loading=\"lazy\" decoding=\"async\" width=\"768\" height=\"768\" src=\"https:\/\/adonato.dectim.ca\/agencetim\/wp-content\/uploads\/2025\/02\/adonato_profil.png\" alt=\"\" class=\"wp-image-4581 size-full\" srcset=\"https:\/\/adonato.dectim.ca\/agencetim\/wp-content\/uploads\/2025\/02\/adonato_profil.png 768w, https:\/\/adonato.dectim.ca\/agencetim\/wp-content\/uploads\/2025\/02\/adonato_profil-300x300.png 300w, https:\/\/adonato.dectim.ca\/agencetim\/wp-content\/uploads\/2025\/02\/adonato_profil-150x150.png 150w, https:\/\/adonato.dectim.ca\/agencetim\/wp-content\/uploads\/2025\/02\/adonato_profil-24x24.png 24w, https:\/\/adonato.dectim.ca\/agencetim\/wp-content\/uploads\/2025\/02\/adonato_profil-48x48.png 48w, https:\/\/adonato.dectim.ca\/agencetim\/wp-content\/uploads\/2025\/02\/adonato_profil-96x96.png 96w\" sizes=\"auto, (max-width: 768px) 100vw, 768px\" \/><\/figure><div class=\"wp-block-media-text__content\">\n<h3 class=\"wp-block-heading\"><strong>Bonjour, je suis Alexandre Donato, professeur au programme de techniques d\u2019int\u00e9gration multim\u00e9dia du C\u00e9gep \u00c9douard-Montpetit depuis 2014 et cr\u00e9ateur multidisciplinaire depuis 1992.<\/strong><\/h3>\n\n\n\n<h5 class=\"wp-block-heading\">Entre 1992 et 2017, au travers de mon entreprise Le Medialab, j\u2019ai aid\u00e9 les artistes, les professionnels, les petites et moyennes entreprises et les organisations \u00e0 propulser leur image, leurs communications, leurs ventes et leurs projets, en leur offrant des services complets de strat\u00e9gie marketing, conception web, SEO, design publicitaire, photographie et production vid\u00e9o.<\/h5>\n\n\n\n<h5 class=\"wp-block-heading\">Depuis 2014, dans mon r\u00f4le de professeur en design et professionnalisation,&nbsp;je cherche \u00e0 d\u00e9velopper avec mes \u00e9tudiants, un lien humain et p\u00e9dagogique authentique et fort, afin de les guider vers la connaissance et les aider \u00e0 prendre conscience de leurs forces et se responsabiliser face \u00e0 leurs objectifs.<\/h5>\n\n\n\n<h5 class=\"wp-block-heading\">Depuis 2021,&nbsp;je poursuis \u00e9galement des&nbsp;\u00e9tudes universitaires \u00e0 l\u2019universit\u00e9 de Sherbrooke&nbsp;en p\u00e9dagogie coll\u00e9giale, au programme Performa-Mipec.<\/h5>\n\n\n\n<h5 class=\"wp-block-heading\"><strong><a href=\"https:\/\/www.linkedin.com\/in\/alexandredonato\/\" target=\"_blank\" rel=\"noreferrer noopener\">\u2013> Mon LinkedIn<\/a><br><a href=\"https:\/\/www.instagram.com\/alexandredonato\/\" target=\"_blank\" rel=\"noreferrer noopener\">\u2013> Mon Instagram<\/a><\/strong><\/h5>\n\n\n\n<div class=\"wp-block-buttons is-layout-flex wp-block-buttons-is-layout-flex\">\n<div class=\"wp-block-button\"><a class=\"wp-block-button__link wp-element-button\" href=\"https:\/\/hub.dectim.ca\/alexandre-donato\/\" target=\"_blank\" rel=\"noreferrer noopener\">Pour en savoir plus<\/a><\/div>\n<\/div>\n<\/div><\/div>\n","protected":false},"excerpt":{"rendered":"","protected":false},"author":1,"featured_media":4152,"parent":0,"menu_order":0,"comment_status":"closed","ping_status":"closed","template":"","meta":{"site-sidebar-layout":"default","site-content-layout":"","ast-site-content-layout":"default","site-content-style":"default","site-sidebar-style":"default","ast-global-header-display":"","ast-banner-title-visibility":"","ast-main-header-display":"","ast-hfb-above-header-display":"","ast-hfb-below-header-display":"","ast-hfb-mobile-header-display":"","site-post-title":"","ast-breadcrumbs-content":"","ast-featured-img":"","footer-sml-layout":"","ast-disable-related-posts":"","theme-transparent-header-meta":"","adv-header-id-meta":"","stick-header-meta":"","header-above-stick-meta":"","header-main-stick-meta":"","header-below-stick-meta":"","astra-migrate-meta-layouts":"set","ast-page-background-enabled":"default","ast-page-background-meta":{"desktop":{"background-color":"var(--ast-global-color-4)","background-image":"","background-repeat":"repeat","background-position":"center center","background-size":"auto","background-attachment":"scroll","background-type":"","background-media":"","overlay-type":"","overlay-color":"","overlay-opacity":"","overlay-gradient":""},"tablet":{"background-color":"","background-image":"","background-repeat":"repeat","background-position":"center center","background-size":"auto","background-attachment":"scroll","background-type":"","background-media":"","overlay-type":"","overlay-color":"","overlay-opacity":"","overlay-gradient":""},"mobile":{"background-color":"","background-image":"","background-repeat":"repeat","background-position":"center center","background-size":"auto","background-attachment":"scroll","background-type":"","background-media":"","overlay-type":"","overlay-color":"","overlay-opacity":"","overlay-gradient":""}},"ast-content-background-meta":{"desktop":{"background-color":"var(--ast-global-color-5)","background-image":"","background-repeat":"repeat","background-position":"center center","background-size":"auto","background-attachment":"scroll","background-type":"","background-media":"","overlay-type":"","overlay-color":"","overlay-opacity":"","overlay-gradient":""},"tablet":{"background-color":"var(--ast-global-color-5)","background-image":"","background-repeat":"repeat","background-position":"center center","background-size":"auto","background-attachment":"scroll","background-type":"","background-media":"","overlay-type":"","overlay-color":"","overlay-opacity":"","overlay-gradient":""},"mobile":{"background-color":"var(--ast-global-color-5)","background-image":"","background-repeat":"repeat","background-position":"center center","background-size":"auto","background-attachment":"scroll","background-type":"","background-media":"","overlay-type":"","overlay-color":"","overlay-opacity":"","overlay-gradient":""}},"footnotes":""},"class_list":["post-2","page","type-page","status-publish","has-post-thumbnail","hentry"],"_links":{"self":[{"href":"https:\/\/adonato.dectim.ca\/agencetim\/wp-json\/wp\/v2\/pages\/2","targetHints":{"allow":["GET"]}}],"collection":[{"href":"https:\/\/adonato.dectim.ca\/agencetim\/wp-json\/wp\/v2\/pages"}],"about":[{"href":"https:\/\/adonato.dectim.ca\/agencetim\/wp-json\/wp\/v2\/types\/page"}],"author":[{"embeddable":true,"href":"https:\/\/adonato.dectim.ca\/agencetim\/wp-json\/wp\/v2\/users\/1"}],"replies":[{"embeddable":true,"href":"https:\/\/adonato.dectim.ca\/agencetim\/wp-json\/wp\/v2\/comments?post=2"}],"version-history":[{"count":44,"href":"https:\/\/adonato.dectim.ca\/agencetim\/wp-json\/wp\/v2\/pages\/2\/revisions"}],"predecessor-version":[{"id":5780,"href":"https:\/\/adonato.dectim.ca\/agencetim\/wp-json\/wp\/v2\/pages\/2\/revisions\/5780"}],"wp:featuredmedia":[{"embeddable":true,"href":"https:\/\/adonato.dectim.ca\/agencetim\/wp-json\/wp\/v2\/media\/4152"}],"wp:attachment":[{"href":"https:\/\/adonato.dectim.ca\/agencetim\/wp-json\/wp\/v2\/media?parent=2"}],"curies":[{"name":"wp","href":"https:\/\/api.w.org\/{rel}","templated":true}]}}