{"id":2406,"date":"2024-02-27T09:44:19","date_gmt":"2024-02-27T14:44:19","guid":{"rendered":"https:\/\/adonato.dectim.ca\/agencetim\/?page_id=2406"},"modified":"2025-02-09T12:58:28","modified_gmt":"2025-02-09T17:58:28","slug":"services","status":"publish","type":"page","link":"https:\/\/adonato.dectim.ca\/agencetim\/services\/","title":{"rendered":"Services (index)"},"content":{"rendered":"\n<div class=\"wp-block-group alignwide is-layout-constrained wp-block-group-is-layout-constrained\">\n<h1 class=\"wp-block-heading alignwide\">Nos services<\/h1>\n\n\n\n<div class=\"wp-block-cover alignwide\"><span aria-hidden=\"true\" class=\"wp-block-cover__background has-background-dim\"><\/span><img loading=\"lazy\" decoding=\"async\" width=\"1792\" height=\"1024\" class=\"wp-block-cover__image-background wp-image-1418\" alt=\"\" src=\"https:\/\/adonato.dectim.ca\/agencetim\/wp-content\/uploads\/2024\/02\/DALL\u00b7E-2024-02-10-14.39.26-Imagine-a-designers-workspace_-a-sleek-modern-desk-holding-a-high-resolution-computer-monitor-which-displays-a-collage-of-popular-design-and-creati.webp\" style=\"object-position:50% 84%\" data-object-fit=\"cover\" data-object-position=\"50% 84%\" srcset=\"https:\/\/adonato.dectim.ca\/agencetim\/wp-content\/uploads\/2024\/02\/DALL\u00b7E-2024-02-10-14.39.26-Imagine-a-designers-workspace_-a-sleek-modern-desk-holding-a-high-resolution-computer-monitor-which-displays-a-collage-of-popular-design-and-creati.webp 1792w, https:\/\/adonato.dectim.ca\/agencetim\/wp-content\/uploads\/2024\/02\/DALL\u00b7E-2024-02-10-14.39.26-Imagine-a-designers-workspace_-a-sleek-modern-desk-holding-a-high-resolution-computer-monitor-which-displays-a-collage-of-popular-design-and-creati-300x171.webp 300w, https:\/\/adonato.dectim.ca\/agencetim\/wp-content\/uploads\/2024\/02\/DALL\u00b7E-2024-02-10-14.39.26-Imagine-a-designers-workspace_-a-sleek-modern-desk-holding-a-high-resolution-computer-monitor-which-displays-a-collage-of-popular-design-and-creati-1024x585.webp 1024w, https:\/\/adonato.dectim.ca\/agencetim\/wp-content\/uploads\/2024\/02\/DALL\u00b7E-2024-02-10-14.39.26-Imagine-a-designers-workspace_-a-sleek-modern-desk-holding-a-high-resolution-computer-monitor-which-displays-a-collage-of-popular-design-and-creati-768x439.webp 768w, https:\/\/adonato.dectim.ca\/agencetim\/wp-content\/uploads\/2024\/02\/DALL\u00b7E-2024-02-10-14.39.26-Imagine-a-designers-workspace_-a-sleek-modern-desk-holding-a-high-resolution-computer-monitor-which-displays-a-collage-of-popular-design-and-creati-1536x878.webp 1536w\" sizes=\"auto, (max-width: 1792px) 100vw, 1792px\" \/><div class=\"wp-block-cover__inner-container is-layout-constrained wp-block-cover-is-layout-constrained\">\n<div class=\"wp-block-group is-layout-constrained wp-container-core-group-is-layout-19e250f3 wp-block-group-is-layout-constrained\">\n<p class=\"has-text-align-center has-ast-global-color-5-color has-text-color has-link-color has-large-font-size wp-elements-bd980ad455e9990bd287dc5adf26b88e\"><strong>Design graphique et illustration<\/strong><\/p>\n\n\n\n<div class=\"wp-block-buttons is-content-justification-center is-layout-flex wp-container-core-buttons-is-layout-a89b3969 wp-block-buttons-is-layout-flex\">\n<div class=\"wp-block-button\"><a class=\"wp-block-button__link wp-element-button\">Voir +<\/a><\/div>\n<\/div>\n<\/div>\n<\/div><\/div>\n\n\n\n<div style=\"height:27px\" aria-hidden=\"true\" class=\"wp-block-spacer\"><\/div>\n\n\n\n<div class=\"wp-block-cover alignwide\" style=\"min-height:430px;aspect-ratio:unset;\"><span aria-hidden=\"true\" class=\"wp-block-cover__background has-background-dim\"><\/span><img loading=\"lazy\" decoding=\"async\" width=\"1792\" height=\"1024\" class=\"wp-block-cover__image-background wp-image-1219\" alt=\"\" src=\"https:\/\/adonato.dectim.ca\/agencetim\/wp-content\/uploads\/2024\/02\/DALL\u00b7E-2024-02-06-10.01.15-Envision-a-clean-professional-setting-that-conveys-the-job-oriented-nature-of-the-multimedia-industry.-The-composition-is-centered-around-a-sleek-mo.webp\" data-object-fit=\"cover\" srcset=\"https:\/\/adonato.dectim.ca\/agencetim\/wp-content\/uploads\/2024\/02\/DALL\u00b7E-2024-02-06-10.01.15-Envision-a-clean-professional-setting-that-conveys-the-job-oriented-nature-of-the-multimedia-industry.-The-composition-is-centered-around-a-sleek-mo.webp 1792w, https:\/\/adonato.dectim.ca\/agencetim\/wp-content\/uploads\/2024\/02\/DALL\u00b7E-2024-02-06-10.01.15-Envision-a-clean-professional-setting-that-conveys-the-job-oriented-nature-of-the-multimedia-industry.-The-composition-is-centered-around-a-sleek-mo-300x171.webp 300w, https:\/\/adonato.dectim.ca\/agencetim\/wp-content\/uploads\/2024\/02\/DALL\u00b7E-2024-02-06-10.01.15-Envision-a-clean-professional-setting-that-conveys-the-job-oriented-nature-of-the-multimedia-industry.-The-composition-is-centered-around-a-sleek-mo-1024x585.webp 1024w, https:\/\/adonato.dectim.ca\/agencetim\/wp-content\/uploads\/2024\/02\/DALL\u00b7E-2024-02-06-10.01.15-Envision-a-clean-professional-setting-that-conveys-the-job-oriented-nature-of-the-multimedia-industry.-The-composition-is-centered-around-a-sleek-mo-768x439.webp 768w, https:\/\/adonato.dectim.ca\/agencetim\/wp-content\/uploads\/2024\/02\/DALL\u00b7E-2024-02-06-10.01.15-Envision-a-clean-professional-setting-that-conveys-the-job-oriented-nature-of-the-multimedia-industry.-The-composition-is-centered-around-a-sleek-mo-1536x878.webp 1536w\" sizes=\"auto, (max-width: 1792px) 100vw, 1792px\" \/><div class=\"wp-block-cover__inner-container is-layout-constrained wp-block-cover-is-layout-constrained\">\n<p class=\"has-text-align-center has-ast-global-color-5-color has-text-color has-link-color has-large-font-size wp-elements-30a915e61910a5cee6a3732a2f96a98f\"><strong>Audio et vid\u00e9o<\/strong><\/p>\n\n\n\n<div class=\"wp-block-buttons is-content-justification-center is-layout-flex wp-container-core-buttons-is-layout-a89b3969 wp-block-buttons-is-layout-flex\">\n<div class=\"wp-block-button\"><a class=\"wp-block-button__link wp-element-button\">Voir +<\/a><\/div>\n<\/div>\n<\/div><\/div>\n\n\n\n<div style=\"height:100px\" aria-hidden=\"true\" class=\"wp-block-spacer\"><\/div>\n<\/div>\n\n\n\n<div class=\"wp-block-group alignwide is-layout-constrained wp-block-group-is-layout-constrained\">\n<h1 class=\"wp-block-heading\">Nos services<\/h1>\n\n\n\n<div class=\"wp-block-group is-layout-constrained wp-container-core-group-is-layout-d3543a3b wp-block-group-is-layout-constrained\">\n<div class=\"wp-block-group is-content-justification-center is-layout-flex wp-container-core-group-is-layout-b02886af wp-block-group-is-layout-flex\">\n<div class=\"wp-block-group is-layout-constrained wp-container-core-group-is-layout-19e250f3 wp-block-group-is-layout-constrained\">\n<figure class=\"wp-block-image size-full is-resized animated pulse o-anim-hover\"><a href=\"https:\/\/adonato.dectim.ca\/agencetim\/category\/ressources\/\"><img loading=\"lazy\" decoding=\"async\" width=\"345\" height=\"345\" src=\"https:\/\/adonato.dectim.ca\/agencetim\/wp-content\/uploads\/2024\/02\/design-1.png\" alt=\"\" class=\"wp-image-1755\" style=\"width:255px\" srcset=\"https:\/\/adonato.dectim.ca\/agencetim\/wp-content\/uploads\/2024\/02\/design-1.png 345w, https:\/\/adonato.dectim.ca\/agencetim\/wp-content\/uploads\/2024\/02\/design-1-300x300.png 300w, https:\/\/adonato.dectim.ca\/agencetim\/wp-content\/uploads\/2024\/02\/design-1-150x150.png 150w, https:\/\/adonato.dectim.ca\/agencetim\/wp-content\/uploads\/2024\/02\/design-1-24x24.png 24w, https:\/\/adonato.dectim.ca\/agencetim\/wp-content\/uploads\/2024\/02\/design-1-48x48.png 48w, https:\/\/adonato.dectim.ca\/agencetim\/wp-content\/uploads\/2024\/02\/design-1-96x96.png 96w\" sizes=\"auto, (max-width: 345px) 100vw, 345px\" \/><\/a><\/figure>\n\n\n\n<h4 class=\"wp-block-heading has-text-align-center\"><a href=\"https:\/\/adonato.dectim.ca\/agencetim\/category\/ressources\/\">Design graphique <br>et illustration<\/a><\/h4>\n<\/div>\n\n\n\n<div class=\"wp-block-group is-layout-constrained wp-container-core-group-is-layout-19e250f3 wp-block-group-is-layout-constrained\">\n<figure class=\"wp-block-image size-full is-resized\"><a href=\"https:\/\/adonato.dectim.ca\/agencetim\/category\/ressources\/\"><img loading=\"lazy\" decoding=\"async\" width=\"345\" height=\"345\" src=\"https:\/\/adonato.dectim.ca\/agencetim\/wp-content\/uploads\/2024\/02\/Animation.png\" alt=\"\" class=\"wp-image-1759\" style=\"width:255px\" srcset=\"https:\/\/adonato.dectim.ca\/agencetim\/wp-content\/uploads\/2024\/02\/Animation.png 345w, https:\/\/adonato.dectim.ca\/agencetim\/wp-content\/uploads\/2024\/02\/Animation-300x300.png 300w, https:\/\/adonato.dectim.ca\/agencetim\/wp-content\/uploads\/2024\/02\/Animation-150x150.png 150w, https:\/\/adonato.dectim.ca\/agencetim\/wp-content\/uploads\/2024\/02\/Animation-24x24.png 24w, https:\/\/adonato.dectim.ca\/agencetim\/wp-content\/uploads\/2024\/02\/Animation-48x48.png 48w, https:\/\/adonato.dectim.ca\/agencetim\/wp-content\/uploads\/2024\/02\/Animation-96x96.png 96w\" sizes=\"auto, (max-width: 345px) 100vw, 345px\" \/><\/a><\/figure>\n\n\n\n<h4 class=\"wp-block-heading has-text-align-center\"><a href=\"https:\/\/adonato.dectim.ca\/agencetim\/category\/ressources\/\">Animation 2D <br>et motion design<\/a><\/h4>\n<\/div>\n\n\n\n<div class=\"wp-block-group is-layout-constrained wp-container-core-group-is-layout-19e250f3 wp-block-group-is-layout-constrained\">\n<figure class=\"wp-block-image size-full is-resized\"><a href=\"https:\/\/adonato.dectim.ca\/agencetim\/category\/ressources\/\"><img loading=\"lazy\" decoding=\"async\" width=\"345\" height=\"345\" src=\"https:\/\/adonato.dectim.ca\/agencetim\/wp-content\/uploads\/2024\/02\/Audio.png\" alt=\"\" class=\"wp-image-1760\" style=\"width:255px\" srcset=\"https:\/\/adonato.dectim.ca\/agencetim\/wp-content\/uploads\/2024\/02\/Audio.png 345w, https:\/\/adonato.dectim.ca\/agencetim\/wp-content\/uploads\/2024\/02\/Audio-300x300.png 300w, https:\/\/adonato.dectim.ca\/agencetim\/wp-content\/uploads\/2024\/02\/Audio-150x150.png 150w, https:\/\/adonato.dectim.ca\/agencetim\/wp-content\/uploads\/2024\/02\/Audio-24x24.png 24w, https:\/\/adonato.dectim.ca\/agencetim\/wp-content\/uploads\/2024\/02\/Audio-48x48.png 48w, https:\/\/adonato.dectim.ca\/agencetim\/wp-content\/uploads\/2024\/02\/Audio-96x96.png 96w\" sizes=\"auto, (max-width: 345px) 100vw, 345px\" \/><\/a><\/figure>\n\n\n\n<h4 class=\"wp-block-heading has-text-align-center\"><a href=\"https:\/\/adonato.dectim.ca\/agencetim\/category\/ressources\/\">Audio<br>et vid\u00e9o<\/a><\/h4>\n<\/div>\n\n\n\n<div class=\"wp-block-group is-layout-constrained wp-container-core-group-is-layout-19e250f3 wp-block-group-is-layout-constrained\">\n<figure class=\"wp-block-image size-full is-resized\"><a href=\"https:\/\/adonato.dectim.ca\/agencetim\/category\/ressources\/\"><img loading=\"lazy\" decoding=\"async\" width=\"345\" height=\"345\" src=\"https:\/\/adonato.dectim.ca\/agencetim\/wp-content\/uploads\/2024\/02\/design-1.png\" alt=\"\" class=\"wp-image-1755\" style=\"width:255px;height:auto\" srcset=\"https:\/\/adonato.dectim.ca\/agencetim\/wp-content\/uploads\/2024\/02\/design-1.png 345w, https:\/\/adonato.dectim.ca\/agencetim\/wp-content\/uploads\/2024\/02\/design-1-300x300.png 300w, https:\/\/adonato.dectim.ca\/agencetim\/wp-content\/uploads\/2024\/02\/design-1-150x150.png 150w, https:\/\/adonato.dectim.ca\/agencetim\/wp-content\/uploads\/2024\/02\/design-1-24x24.png 24w, https:\/\/adonato.dectim.ca\/agencetim\/wp-content\/uploads\/2024\/02\/design-1-48x48.png 48w, https:\/\/adonato.dectim.ca\/agencetim\/wp-content\/uploads\/2024\/02\/design-1-96x96.png 96w\" sizes=\"auto, (max-width: 345px) 100vw, 345px\" \/><\/a><\/figure>\n\n\n\n<h4 class=\"wp-block-heading has-text-align-center\"><a href=\"https:\/\/adonato.dectim.ca\/agencetim\/category\/ressources\/\">3D et<br>r\u00e9alit\u00e9 virtuelle<\/a><\/h4>\n<\/div>\n<\/div>\n\n\n\n<div class=\"wp-block-group is-horizontal is-content-justification-center is-layout-flex wp-container-core-group-is-layout-4f6f85ca wp-block-group-is-layout-flex\">\n<div class=\"wp-block-group is-layout-constrained wp-container-core-group-is-layout-19e250f3 wp-block-group-is-layout-constrained\">\n<figure class=\"wp-block-image size-full is-resized\"><a href=\"https:\/\/adonato.dectim.ca\/agencetim\/category\/ressources\/\"><img loading=\"lazy\" decoding=\"async\" width=\"345\" height=\"345\" src=\"https:\/\/adonato.dectim.ca\/agencetim\/wp-content\/uploads\/2024\/02\/jeuxvideos.png\" alt=\"\" class=\"wp-image-1764\" style=\"width:255px\" srcset=\"https:\/\/adonato.dectim.ca\/agencetim\/wp-content\/uploads\/2024\/02\/jeuxvideos.png 345w, https:\/\/adonato.dectim.ca\/agencetim\/wp-content\/uploads\/2024\/02\/jeuxvideos-300x300.png 300w, https:\/\/adonato.dectim.ca\/agencetim\/wp-content\/uploads\/2024\/02\/jeuxvideos-150x150.png 150w, https:\/\/adonato.dectim.ca\/agencetim\/wp-content\/uploads\/2024\/02\/jeuxvideos-24x24.png 24w, https:\/\/adonato.dectim.ca\/agencetim\/wp-content\/uploads\/2024\/02\/jeuxvideos-48x48.png 48w, https:\/\/adonato.dectim.ca\/agencetim\/wp-content\/uploads\/2024\/02\/jeuxvideos-96x96.png 96w\" sizes=\"auto, (max-width: 345px) 100vw, 345px\" \/><\/a><\/figure>\n\n\n\n<h4 class=\"wp-block-heading has-text-align-center\"><a href=\"https:\/\/adonato.dectim.ca\/agencetim\/category\/ressources\/\">Jeux<br>vid\u00e9os<\/a><\/h4>\n<\/div>\n\n\n\n<div class=\"wp-block-group is-layout-constrained wp-container-core-group-is-layout-19e250f3 wp-block-group-is-layout-constrained\">\n<figure class=\"wp-block-image size-full is-resized\"><a href=\"https:\/\/adonato.dectim.ca\/agencetim\/category\/ressources\/\"><img loading=\"lazy\" decoding=\"async\" width=\"345\" height=\"345\" src=\"https:\/\/adonato.dectim.ca\/agencetim\/wp-content\/uploads\/2024\/02\/web.png\" alt=\"\" class=\"wp-image-1762\" style=\"width:255px\" srcset=\"https:\/\/adonato.dectim.ca\/agencetim\/wp-content\/uploads\/2024\/02\/web.png 345w, https:\/\/adonato.dectim.ca\/agencetim\/wp-content\/uploads\/2024\/02\/web-300x300.png 300w, https:\/\/adonato.dectim.ca\/agencetim\/wp-content\/uploads\/2024\/02\/web-150x150.png 150w, https:\/\/adonato.dectim.ca\/agencetim\/wp-content\/uploads\/2024\/02\/web-24x24.png 24w, https:\/\/adonato.dectim.ca\/agencetim\/wp-content\/uploads\/2024\/02\/web-48x48.png 48w, https:\/\/adonato.dectim.ca\/agencetim\/wp-content\/uploads\/2024\/02\/web-96x96.png 96w\" sizes=\"auto, (max-width: 345px) 100vw, 345px\" \/><\/a><\/figure>\n\n\n\n<h4 class=\"wp-block-heading has-text-align-center\"><a href=\"https:\/\/adonato.dectim.ca\/agencetim\/category\/ressources\/\">Int\u00e9gration et<br>programmation web<\/a><\/h4>\n<\/div>\n\n\n\n<div class=\"wp-block-group is-layout-constrained wp-container-core-group-is-layout-19e250f3 wp-block-group-is-layout-constrained\">\n<figure class=\"wp-block-image size-full is-resized\"><a href=\"https:\/\/adonato.dectim.ca\/agencetim\/category\/ressources\/\"><img loading=\"lazy\" decoding=\"async\" width=\"345\" height=\"345\" src=\"https:\/\/adonato.dectim.ca\/agencetim\/wp-content\/uploads\/2024\/02\/installation.png\" alt=\"\" class=\"wp-image-1763\" style=\"width:255px\" srcset=\"https:\/\/adonato.dectim.ca\/agencetim\/wp-content\/uploads\/2024\/02\/installation.png 345w, https:\/\/adonato.dectim.ca\/agencetim\/wp-content\/uploads\/2024\/02\/installation-300x300.png 300w, https:\/\/adonato.dectim.ca\/agencetim\/wp-content\/uploads\/2024\/02\/installation-150x150.png 150w, https:\/\/adonato.dectim.ca\/agencetim\/wp-content\/uploads\/2024\/02\/installation-24x24.png 24w, https:\/\/adonato.dectim.ca\/agencetim\/wp-content\/uploads\/2024\/02\/installation-48x48.png 48w, https:\/\/adonato.dectim.ca\/agencetim\/wp-content\/uploads\/2024\/02\/installation-96x96.png 96w\" sizes=\"auto, (max-width: 345px) 100vw, 345px\" \/><\/a><\/figure>\n\n\n\n<h4 class=\"wp-block-heading has-text-align-center\"><a href=\"https:\/\/adonato.dectim.ca\/agencetim\/category\/ressources\/\">Installations<br>multim\u00e9dia<\/a><\/h4>\n<\/div>\n<\/div>\n<\/div>\n<\/div>\n","protected":false},"excerpt":{"rendered":"<p>Nos services Nos services Design graphique et illustration Animation 2D et motion design Audioet vid\u00e9o 3D etr\u00e9alit\u00e9 virtuelle Jeuxvid\u00e9os Int\u00e9gration [&hellip;]<\/p>\n","protected":false},"author":1,"featured_media":0,"parent":0,"menu_order":0,"comment_status":"closed","ping_status":"closed","template":"","meta":{"site-sidebar-layout":"default","site-content-layout":"","ast-site-content-layout":"default","site-content-style":"default","site-sidebar-style":"default","ast-global-header-display":"","ast-banner-title-visibility":"","ast-main-header-display":"","ast-hfb-above-header-display":"","ast-hfb-below-header-display":"","ast-hfb-mobile-header-display":"","site-post-title":"","ast-breadcrumbs-content":"","ast-featured-img":"","footer-sml-layout":"","ast-disable-related-posts":"","theme-transparent-header-meta":"","adv-header-id-meta":"","stick-header-meta":"","header-above-stick-meta":"","header-main-stick-meta":"","header-below-stick-meta":"","astra-migrate-meta-layouts":"set","ast-page-background-enabled":"default","ast-page-background-meta":{"desktop":{"background-color":"var(--ast-global-color-4)","background-image":"","background-repeat":"repeat","background-position":"center center","background-size":"auto","background-attachment":"scroll","background-type":"","background-media":"","overlay-type":"","overlay-color":"","overlay-opacity":"","overlay-gradient":""},"tablet":{"background-color":"","background-image":"","background-repeat":"repeat","background-position":"center center","background-size":"auto","background-attachment":"scroll","background-type":"","background-media":"","overlay-type":"","overlay-color":"","overlay-opacity":"","overlay-gradient":""},"mobile":{"background-color":"","background-image":"","background-repeat":"repeat","background-position":"center center","background-size":"auto","background-attachment":"scroll","background-type":"","background-media":"","overlay-type":"","overlay-color":"","overlay-opacity":"","overlay-gradient":""}},"ast-content-background-meta":{"desktop":{"background-color":"var(--ast-global-color-5)","background-image":"","background-repeat":"repeat","background-position":"center center","background-size":"auto","background-attachment":"scroll","background-type":"","background-media":"","overlay-type":"","overlay-color":"","overlay-opacity":"","overlay-gradient":""},"tablet":{"background-color":"var(--ast-global-color-5)","background-image":"","background-repeat":"repeat","background-position":"center center","background-size":"auto","background-attachment":"scroll","background-type":"","background-media":"","overlay-type":"","overlay-color":"","overlay-opacity":"","overlay-gradient":""},"mobile":{"background-color":"var(--ast-global-color-5)","background-image":"","background-repeat":"repeat","background-position":"center center","background-size":"auto","background-attachment":"scroll","background-type":"","background-media":"","overlay-type":"","overlay-color":"","overlay-opacity":"","overlay-gradient":""}},"footnotes":""},"class_list":["post-2406","page","type-page","status-publish","hentry"],"_links":{"self":[{"href":"https:\/\/adonato.dectim.ca\/agencetim\/wp-json\/wp\/v2\/pages\/2406","targetHints":{"allow":["GET"]}}],"collection":[{"href":"https:\/\/adonato.dectim.ca\/agencetim\/wp-json\/wp\/v2\/pages"}],"about":[{"href":"https:\/\/adonato.dectim.ca\/agencetim\/wp-json\/wp\/v2\/types\/page"}],"author":[{"embeddable":true,"href":"https:\/\/adonato.dectim.ca\/agencetim\/wp-json\/wp\/v2\/users\/1"}],"replies":[{"embeddable":true,"href":"https:\/\/adonato.dectim.ca\/agencetim\/wp-json\/wp\/v2\/comments?post=2406"}],"version-history":[{"count":4,"href":"https:\/\/adonato.dectim.ca\/agencetim\/wp-json\/wp\/v2\/pages\/2406\/revisions"}],"predecessor-version":[{"id":4545,"href":"https:\/\/adonato.dectim.ca\/agencetim\/wp-json\/wp\/v2\/pages\/2406\/revisions\/4545"}],"wp:attachment":[{"href":"https:\/\/adonato.dectim.ca\/agencetim\/wp-json\/wp\/v2\/media?parent=2406"}],"curies":[{"name":"wp","href":"https:\/\/api.w.org\/{rel}","templated":true}]}}