{"id":3878,"date":"2025-01-12T18:37:44","date_gmt":"2025-01-12T23:37:44","guid":{"rendered":"https:\/\/adonato.dectim.ca\/agencetim\/?page_id=3878"},"modified":"2025-02-11T15:08:21","modified_gmt":"2025-02-11T20:08:21","slug":"laboratoires","status":"publish","type":"page","link":"https:\/\/adonato.dectim.ca\/agencetim\/laboratoires\/","title":{"rendered":"Laboratoires"},"content":{"rendered":"\n<h5 class=\"wp-block-heading\">Un espace d\u00e9di\u00e9 \u00e0 l\u2019exp\u00e9rimentation et \u00e0 la pratique. Nos laboratoires permettent d\u2019explorer divers outils et m\u00e9thodologies, favorisant l\u2019apprentissage et l\u2019innovation \u00e0 travers des projets concrets.<\/h5>\n\n\n\n<div class=\"wp-block-query is-layout-constrained wp-block-query-is-layout-constrained\"><ul class=\"columns-4 wp-block-post-template is-layout-grid wp-container-core-post-template-is-layout-e7fd85f5 wp-block-post-template-is-layout-grid\"><li class=\"wp-block-post post-2852 post type-post status-publish format-standard has-post-thumbnail hentry category-laboratoires\">\n\n<div class=\"wp-block-group is-layout-constrained wp-container-core-group-is-layout-e0082cf6 wp-block-group-is-layout-constrained\"><figure class=\"wp-block-post-featured-image\"><a href=\"https:\/\/adonato.dectim.ca\/agencetim\/semaine-10-lets-talk-and-get-stuff-done\/\" target=\"_self\"  ><img loading=\"lazy\" decoding=\"async\" width=\"1200\" height=\"800\" src=\"https:\/\/adonato.dectim.ca\/agencetim\/wp-content\/uploads\/2024\/04\/getstuffdone.jpg\" class=\"attachment-post-thumbnail size-post-thumbnail wp-post-image\" alt=\"Semaine 10 &#8211; L&rsquo;art de pr\u00e9senter un projet et recevoir la r\u00e9troaction\" style=\"object-fit:cover;\" srcset=\"https:\/\/adonato.dectim.ca\/agencetim\/wp-content\/uploads\/2024\/04\/getstuffdone.jpg 1200w, https:\/\/adonato.dectim.ca\/agencetim\/wp-content\/uploads\/2024\/04\/getstuffdone-300x200.jpg 300w, https:\/\/adonato.dectim.ca\/agencetim\/wp-content\/uploads\/2024\/04\/getstuffdone-1024x683.jpg 1024w, https:\/\/adonato.dectim.ca\/agencetim\/wp-content\/uploads\/2024\/04\/getstuffdone-768x512.jpg 768w\" sizes=\"auto, (max-width: 1200px) 100vw, 1200px\" \/><\/a><\/figure>\n\n<div class=\"wp-block-post-date has-small-font-size\"><time datetime=\"2026-04-14T07:00:00-04:00\">14 avril 2026<\/time><\/div>\n\n<h4 class=\"wp-block-post-title\"><a href=\"https:\/\/adonato.dectim.ca\/agencetim\/semaine-10-lets-talk-and-get-stuff-done\/\" target=\"_self\" >Semaine 10 &#8211; L&rsquo;art de pr\u00e9senter un projet et recevoir la r\u00e9troaction<\/a><\/h4><\/div>\n\n<\/li><li class=\"wp-block-post post-2682 post type-post status-publish format-standard has-post-thumbnail hentry category-laboratoires\">\n\n<div class=\"wp-block-group is-layout-constrained wp-container-core-group-is-layout-e0082cf6 wp-block-group-is-layout-constrained\"><figure class=\"wp-block-post-featured-image\"><a href=\"https:\/\/adonato.dectim.ca\/agencetim\/semaine-9-choix-de-carriere\/\" target=\"_self\"  ><img loading=\"lazy\" decoding=\"async\" width=\"1440\" height=\"987\" src=\"https:\/\/adonato.dectim.ca\/agencetim\/wp-content\/uploads\/2024\/03\/routes.jpg\" class=\"attachment-post-thumbnail size-post-thumbnail wp-post-image\" alt=\"Semaine 9 &#8211; Options de carri\u00e8re\" style=\"object-fit:cover;\" srcset=\"https:\/\/adonato.dectim.ca\/agencetim\/wp-content\/uploads\/2024\/03\/routes.jpg 1440w, https:\/\/adonato.dectim.ca\/agencetim\/wp-content\/uploads\/2024\/03\/routes-300x206.jpg 300w, https:\/\/adonato.dectim.ca\/agencetim\/wp-content\/uploads\/2024\/03\/routes-1024x702.jpg 1024w, https:\/\/adonato.dectim.ca\/agencetim\/wp-content\/uploads\/2024\/03\/routes-768x526.jpg 768w\" sizes=\"auto, (max-width: 1440px) 100vw, 1440px\" \/><\/a><\/figure>\n\n<div class=\"wp-block-post-date has-small-font-size\"><time datetime=\"2026-03-30T07:00:00-04:00\">30 mars 2026<\/time><\/div>\n\n<h4 class=\"wp-block-post-title\"><a href=\"https:\/\/adonato.dectim.ca\/agencetim\/semaine-9-choix-de-carriere\/\" target=\"_self\" >Semaine 9 &#8211; Options de carri\u00e8re<\/a><\/h4><\/div>\n\n<\/li><li class=\"wp-block-post post-2609 post type-post status-publish format-standard has-post-thumbnail hentry category-laboratoires\">\n\n<div class=\"wp-block-group is-layout-constrained wp-container-core-group-is-layout-e0082cf6 wp-block-group-is-layout-constrained\"><figure class=\"wp-block-post-featured-image\"><a href=\"https:\/\/adonato.dectim.ca\/agencetim\/semaine-8-tester-et-ameliorer\/\" target=\"_self\"  ><img loading=\"lazy\" decoding=\"async\" width=\"1024\" height=\"683\" src=\"https:\/\/adonato.dectim.ca\/agencetim\/wp-content\/uploads\/2024\/03\/Blood-test-1024x683-1.webp\" class=\"attachment-post-thumbnail size-post-thumbnail wp-post-image\" alt=\"Semaine 8 &#8211; Tester et am\u00e9liorer\" style=\"object-fit:cover;\" srcset=\"https:\/\/adonato.dectim.ca\/agencetim\/wp-content\/uploads\/2024\/03\/Blood-test-1024x683-1.webp 1024w, https:\/\/adonato.dectim.ca\/agencetim\/wp-content\/uploads\/2024\/03\/Blood-test-1024x683-1-300x200.webp 300w, https:\/\/adonato.dectim.ca\/agencetim\/wp-content\/uploads\/2024\/03\/Blood-test-1024x683-1-768x512.webp 768w\" sizes=\"auto, (max-width: 1024px) 100vw, 1024px\" \/><\/a><\/figure>\n\n<div class=\"wp-block-post-date has-small-font-size\"><time datetime=\"2026-03-23T07:00:00-04:00\">23 mars 2026<\/time><\/div>\n\n<h4 class=\"wp-block-post-title\"><a href=\"https:\/\/adonato.dectim.ca\/agencetim\/semaine-8-tester-et-ameliorer\/\" target=\"_self\" >Semaine 8 &#8211; Tester et am\u00e9liorer<\/a><\/h4><\/div>\n\n<\/li><li class=\"wp-block-post post-2522 post type-post status-publish format-standard has-post-thumbnail hentry category-laboratoires\">\n\n<div class=\"wp-block-group is-layout-constrained wp-container-core-group-is-layout-e0082cf6 wp-block-group-is-layout-constrained\"><figure class=\"wp-block-post-featured-image\"><a href=\"https:\/\/adonato.dectim.ca\/agencetim\/semaine-7-on-se-prepare-a-livrer\/\" target=\"_self\"  ><img loading=\"lazy\" decoding=\"async\" width=\"1536\" height=\"1024\" src=\"https:\/\/adonato.dectim.ca\/agencetim\/wp-content\/uploads\/2026\/03\/beta_version_thumbnail.jpg\" class=\"attachment-post-thumbnail size-post-thumbnail wp-post-image\" alt=\"Semaine 7 &#8211; On pense \u00e0 notre avenir et on s&rsquo;organise pour livrer la version BETA\" style=\"object-fit:cover;\" srcset=\"https:\/\/adonato.dectim.ca\/agencetim\/wp-content\/uploads\/2026\/03\/beta_version_thumbnail.jpg 1536w, https:\/\/adonato.dectim.ca\/agencetim\/wp-content\/uploads\/2026\/03\/beta_version_thumbnail-300x200.jpg 300w, https:\/\/adonato.dectim.ca\/agencetim\/wp-content\/uploads\/2026\/03\/beta_version_thumbnail-1024x683.jpg 1024w, https:\/\/adonato.dectim.ca\/agencetim\/wp-content\/uploads\/2026\/03\/beta_version_thumbnail-768x512.jpg 768w, https:\/\/adonato.dectim.ca\/agencetim\/wp-content\/uploads\/2026\/03\/beta_version_thumbnail-500x333.jpg 500w, https:\/\/adonato.dectim.ca\/agencetim\/wp-content\/uploads\/2026\/03\/beta_version_thumbnail-800x533.jpg 800w, https:\/\/adonato.dectim.ca\/agencetim\/wp-content\/uploads\/2026\/03\/beta_version_thumbnail-1280x853.jpg 1280w\" sizes=\"auto, (max-width: 1536px) 100vw, 1536px\" \/><\/a><\/figure>\n\n<div class=\"wp-block-post-date has-small-font-size\"><time datetime=\"2026-03-09T07:00:00-04:00\">9 mars 2026<\/time><\/div>\n\n<h4 class=\"wp-block-post-title\"><a href=\"https:\/\/adonato.dectim.ca\/agencetim\/semaine-7-on-se-prepare-a-livrer\/\" target=\"_self\" >Semaine 7 &#8211; On pense \u00e0 notre avenir et on s&rsquo;organise pour livrer la version BETA<\/a><\/h4><\/div>\n\n<\/li><li class=\"wp-block-post post-2172 post type-post status-publish format-standard has-post-thumbnail hentry category-laboratoires\">\n\n<div class=\"wp-block-group is-layout-constrained wp-container-core-group-is-layout-e0082cf6 wp-block-group-is-layout-constrained\"><figure class=\"wp-block-post-featured-image\"><a href=\"https:\/\/adonato.dectim.ca\/agencetim\/semaine-6-on-raffine\/\" target=\"_self\"  ><img loading=\"lazy\" decoding=\"async\" width=\"1200\" height=\"800\" src=\"https:\/\/adonato.dectim.ca\/agencetim\/wp-content\/uploads\/2024\/02\/oil-refining-orig.jpeg\" class=\"attachment-post-thumbnail size-post-thumbnail wp-post-image\" alt=\"Semaine 6 &#8211; On raffine\" style=\"object-fit:cover;\" srcset=\"https:\/\/adonato.dectim.ca\/agencetim\/wp-content\/uploads\/2024\/02\/oil-refining-orig.jpeg 1200w, https:\/\/adonato.dectim.ca\/agencetim\/wp-content\/uploads\/2024\/02\/oil-refining-orig-300x200.jpeg 300w, https:\/\/adonato.dectim.ca\/agencetim\/wp-content\/uploads\/2024\/02\/oil-refining-orig-1024x683.jpeg 1024w, https:\/\/adonato.dectim.ca\/agencetim\/wp-content\/uploads\/2024\/02\/oil-refining-orig-768x512.jpeg 768w\" sizes=\"auto, (max-width: 1200px) 100vw, 1200px\" \/><\/a><\/figure>\n\n<div class=\"wp-block-post-date has-small-font-size\"><time datetime=\"2026-03-02T08:58:50-05:00\">2 mars 2026<\/time><\/div>\n\n<h4 class=\"wp-block-post-title\"><a href=\"https:\/\/adonato.dectim.ca\/agencetim\/semaine-6-on-raffine\/\" target=\"_self\" >Semaine 6 &#8211; On raffine<\/a><\/h4><\/div>\n\n<\/li><li class=\"wp-block-post post-1911 post type-post status-publish format-standard has-post-thumbnail hentry category-laboratoires\">\n\n<div class=\"wp-block-group is-layout-constrained wp-container-core-group-is-layout-e0082cf6 wp-block-group-is-layout-constrained\"><figure class=\"wp-block-post-featured-image\"><a href=\"https:\/\/adonato.dectim.ca\/agencetim\/semaine-5-on-developpe\/\" target=\"_self\"  ><img loading=\"lazy\" decoding=\"async\" width=\"1570\" height=\"1080\" src=\"https:\/\/adonato.dectim.ca\/agencetim\/wp-content\/uploads\/2025\/02\/gaming-room3.jpg\" class=\"attachment-post-thumbnail size-post-thumbnail wp-post-image\" alt=\"Semaine 5 &#8211; On sort de notre zone de confort\" style=\"object-fit:cover;\" srcset=\"https:\/\/adonato.dectim.ca\/agencetim\/wp-content\/uploads\/2025\/02\/gaming-room3.jpg 1570w, https:\/\/adonato.dectim.ca\/agencetim\/wp-content\/uploads\/2025\/02\/gaming-room3-300x206.jpg 300w, https:\/\/adonato.dectim.ca\/agencetim\/wp-content\/uploads\/2025\/02\/gaming-room3-1024x704.jpg 1024w, https:\/\/adonato.dectim.ca\/agencetim\/wp-content\/uploads\/2025\/02\/gaming-room3-768x528.jpg 768w, https:\/\/adonato.dectim.ca\/agencetim\/wp-content\/uploads\/2025\/02\/gaming-room3-1536x1057.jpg 1536w\" sizes=\"auto, (max-width: 1570px) 100vw, 1570px\" \/><\/a><\/figure>\n\n<div class=\"wp-block-post-date has-small-font-size\"><time datetime=\"2026-02-23T07:40:00-05:00\">23 f\u00e9vrier 2026<\/time><\/div>\n\n<h4 class=\"wp-block-post-title\"><a href=\"https:\/\/adonato.dectim.ca\/agencetim\/semaine-5-on-developpe\/\" target=\"_self\" >Semaine 5 &#8211; On sort de notre zone de confort<\/a><\/h4><\/div>\n\n<\/li><li class=\"wp-block-post post-1273 post type-post status-publish format-standard has-post-thumbnail hentry category-laboratoires\">\n\n<div class=\"wp-block-group is-layout-constrained wp-container-core-group-is-layout-e0082cf6 wp-block-group-is-layout-constrained\"><figure class=\"wp-block-post-featured-image\"><a href=\"https:\/\/adonato.dectim.ca\/agencetim\/semaine-4-on-avance\/\" target=\"_self\"  ><img loading=\"lazy\" decoding=\"async\" width=\"1200\" height=\"800\" src=\"https:\/\/adonato.dectim.ca\/agencetim\/wp-content\/uploads\/2024\/02\/walking-popularity-US-neurosinces.webp\" class=\"attachment-post-thumbnail size-post-thumbnail wp-post-image\" alt=\"Semaine 4 &#8211; On dialogue et on avance, ensemble\" style=\"object-fit:cover;\" srcset=\"https:\/\/adonato.dectim.ca\/agencetim\/wp-content\/uploads\/2024\/02\/walking-popularity-US-neurosinces.webp 1200w, https:\/\/adonato.dectim.ca\/agencetim\/wp-content\/uploads\/2024\/02\/walking-popularity-US-neurosinces-300x200.webp 300w, https:\/\/adonato.dectim.ca\/agencetim\/wp-content\/uploads\/2024\/02\/walking-popularity-US-neurosinces-1024x683.webp 1024w, https:\/\/adonato.dectim.ca\/agencetim\/wp-content\/uploads\/2024\/02\/walking-popularity-US-neurosinces-768x512.webp 768w\" sizes=\"auto, (max-width: 1200px) 100vw, 1200px\" \/><\/a><\/figure>\n\n<div class=\"wp-block-post-date has-small-font-size\"><time datetime=\"2026-02-16T06:59:46-05:00\">16 f\u00e9vrier 2026<\/time><\/div>\n\n<h4 class=\"wp-block-post-title\"><a href=\"https:\/\/adonato.dectim.ca\/agencetim\/semaine-4-on-avance\/\" target=\"_self\" >Semaine 4 &#8211; On dialogue et on avance, ensemble<\/a><\/h4><\/div>\n\n<\/li><li class=\"wp-block-post post-1176 post type-post status-publish format-standard has-post-thumbnail hentry category-laboratoires\">\n\n<div class=\"wp-block-group is-layout-constrained wp-container-core-group-is-layout-e0082cf6 wp-block-group-is-layout-constrained\"><figure class=\"wp-block-post-featured-image\"><a href=\"https:\/\/adonato.dectim.ca\/agencetim\/semaine-3-on-fait-des-recherches\/\" target=\"_self\"  ><img loading=\"lazy\" decoding=\"async\" width=\"1279\" height=\"853\" src=\"https:\/\/adonato.dectim.ca\/agencetim\/wp-content\/uploads\/2024\/02\/pexels-cottonbro-studio-6804077.jpg\" class=\"attachment-post-thumbnail size-post-thumbnail wp-post-image\" alt=\"Semaine 3 &#8211; SPRINT vers la version ALPHA de votre projet\" style=\"object-fit:cover;\" srcset=\"https:\/\/adonato.dectim.ca\/agencetim\/wp-content\/uploads\/2024\/02\/pexels-cottonbro-studio-6804077.jpg 1279w, https:\/\/adonato.dectim.ca\/agencetim\/wp-content\/uploads\/2024\/02\/pexels-cottonbro-studio-6804077-300x200.jpg 300w, https:\/\/adonato.dectim.ca\/agencetim\/wp-content\/uploads\/2024\/02\/pexels-cottonbro-studio-6804077-1024x683.jpg 1024w, https:\/\/adonato.dectim.ca\/agencetim\/wp-content\/uploads\/2024\/02\/pexels-cottonbro-studio-6804077-768x512.jpg 768w\" sizes=\"auto, (max-width: 1279px) 100vw, 1279px\" \/><\/a><\/figure>\n\n<div class=\"wp-block-post-date has-small-font-size\"><time datetime=\"2026-02-09T07:00:00-05:00\">9 f\u00e9vrier 2026<\/time><\/div>\n\n<h4 class=\"wp-block-post-title\"><a href=\"https:\/\/adonato.dectim.ca\/agencetim\/semaine-3-on-fait-des-recherches\/\" target=\"_self\" >Semaine 3 &#8211; SPRINT vers la version ALPHA de votre projet<\/a><\/h4><\/div>\n\n<\/li><li class=\"wp-block-post post-936 post type-post status-publish format-standard has-post-thumbnail hentry category-laboratoires\">\n\n<div class=\"wp-block-group is-layout-constrained wp-container-core-group-is-layout-e0082cf6 wp-block-group-is-layout-constrained\"><figure class=\"wp-block-post-featured-image\"><a href=\"https:\/\/adonato.dectim.ca\/agencetim\/semaine-2\/\" target=\"_self\"  ><img loading=\"lazy\" decoding=\"async\" width=\"1280\" height=\"853\" src=\"https:\/\/adonato.dectim.ca\/agencetim\/wp-content\/uploads\/2024\/01\/startup-meeting-brainstorming-594090.jpg\" class=\"attachment-post-thumbnail size-post-thumbnail wp-post-image\" alt=\"Semaine 2 &#8211; Proaction, d\u00e9j\u00e0 une remise \u00e0 la semaine 3!\" style=\"object-fit:cover;\" srcset=\"https:\/\/adonato.dectim.ca\/agencetim\/wp-content\/uploads\/2024\/01\/startup-meeting-brainstorming-594090.jpg 1280w, https:\/\/adonato.dectim.ca\/agencetim\/wp-content\/uploads\/2024\/01\/startup-meeting-brainstorming-594090-300x200.jpg 300w, https:\/\/adonato.dectim.ca\/agencetim\/wp-content\/uploads\/2024\/01\/startup-meeting-brainstorming-594090-1024x682.jpg 1024w, https:\/\/adonato.dectim.ca\/agencetim\/wp-content\/uploads\/2024\/01\/startup-meeting-brainstorming-594090-768x512.jpg 768w\" sizes=\"auto, (max-width: 1280px) 100vw, 1280px\" \/><\/a><\/figure>\n\n<div class=\"wp-block-post-date has-small-font-size\"><time datetime=\"2026-02-02T06:03:00-05:00\">2 f\u00e9vrier 2026<\/time><\/div>\n\n<h4 class=\"wp-block-post-title\"><a href=\"https:\/\/adonato.dectim.ca\/agencetim\/semaine-2\/\" target=\"_self\" >Semaine 2 &#8211; Proaction, d\u00e9j\u00e0 une remise \u00e0 la semaine 3!<\/a><\/h4><\/div>\n\n<\/li><li class=\"wp-block-post post-595 post type-post status-publish format-standard has-post-thumbnail hentry category-laboratoires\">\n\n<div class=\"wp-block-group is-layout-constrained wp-container-core-group-is-layout-e0082cf6 wp-block-group-is-layout-constrained\"><figure class=\"wp-block-post-featured-image\"><a href=\"https:\/\/adonato.dectim.ca\/agencetim\/semaine-1-on-se-lance\/\" target=\"_self\"  ><img loading=\"lazy\" decoding=\"async\" width=\"2348\" height=\"1670\" src=\"https:\/\/adonato.dectim.ca\/agencetim\/wp-content\/uploads\/2024\/01\/lancement.jpg\" class=\"attachment-post-thumbnail size-post-thumbnail wp-post-image\" alt=\"Semaine 1 &#8211; On se lance!\" style=\"object-fit:cover;\" srcset=\"https:\/\/adonato.dectim.ca\/agencetim\/wp-content\/uploads\/2024\/01\/lancement.jpg 2348w, https:\/\/adonato.dectim.ca\/agencetim\/wp-content\/uploads\/2024\/01\/lancement-300x213.jpg 300w, https:\/\/adonato.dectim.ca\/agencetim\/wp-content\/uploads\/2024\/01\/lancement-1024x728.jpg 1024w, https:\/\/adonato.dectim.ca\/agencetim\/wp-content\/uploads\/2024\/01\/lancement-768x546.jpg 768w, https:\/\/adonato.dectim.ca\/agencetim\/wp-content\/uploads\/2024\/01\/lancement-1536x1092.jpg 1536w, https:\/\/adonato.dectim.ca\/agencetim\/wp-content\/uploads\/2024\/01\/lancement-2048x1457.jpg 2048w\" sizes=\"auto, (max-width: 2348px) 100vw, 2348px\" \/><\/a><\/figure>\n\n<div class=\"wp-block-post-date has-small-font-size\"><time datetime=\"2026-01-26T06:58:00-05:00\">26 janvier 2026<\/time><\/div>\n\n<h4 class=\"wp-block-post-title\"><a href=\"https:\/\/adonato.dectim.ca\/agencetim\/semaine-1-on-se-lance\/\" target=\"_self\" >Semaine 1 &#8211; On se lance!<\/a><\/h4><\/div>\n\n<\/li><li class=\"wp-block-post post-5891 post type-post status-publish format-standard has-post-thumbnail hentry category-laboratoires\">\n\n<div class=\"wp-block-group is-layout-constrained wp-container-core-group-is-layout-e0082cf6 wp-block-group-is-layout-constrained\"><figure class=\"wp-block-post-featured-image\"><a href=\"https:\/\/adonato.dectim.ca\/agencetim\/coming-soon\/\" target=\"_self\"  ><img loading=\"lazy\" decoding=\"async\" width=\"1280\" height=\"853\" src=\"https:\/\/adonato.dectim.ca\/agencetim\/wp-content\/uploads\/2026\/01\/pexels-cottonbro-3843284.jpg\" class=\"attachment-post-thumbnail size-post-thumbnail wp-post-image\" alt=\"En attendant lundi 26 janvier&#8230;\" style=\"object-fit:cover;\" srcset=\"https:\/\/adonato.dectim.ca\/agencetim\/wp-content\/uploads\/2026\/01\/pexels-cottonbro-3843284.jpg 1280w, https:\/\/adonato.dectim.ca\/agencetim\/wp-content\/uploads\/2026\/01\/pexels-cottonbro-3843284-300x200.jpg 300w, https:\/\/adonato.dectim.ca\/agencetim\/wp-content\/uploads\/2026\/01\/pexels-cottonbro-3843284-1024x682.jpg 1024w, https:\/\/adonato.dectim.ca\/agencetim\/wp-content\/uploads\/2026\/01\/pexels-cottonbro-3843284-768x512.jpg 768w\" sizes=\"auto, (max-width: 1280px) 100vw, 1280px\" \/><\/a><\/figure>\n\n<div class=\"wp-block-post-date has-small-font-size\"><time datetime=\"2026-01-22T16:20:58-05:00\">22 janvier 2026<\/time><\/div>\n\n<h4 class=\"wp-block-post-title\"><a href=\"https:\/\/adonato.dectim.ca\/agencetim\/coming-soon\/\" target=\"_self\" >En attendant lundi 26 janvier&#8230;<\/a><\/h4><\/div>\n\n<\/li><\/ul>\n\n\n\n<\/div>\n","protected":false},"excerpt":{"rendered":"<p>Un espace d\u00e9di\u00e9 \u00e0 l\u2019exp\u00e9rimentation et \u00e0 la pratique. Nos laboratoires permettent d\u2019explorer divers outils et m\u00e9thodologies, favorisant l\u2019apprentissage et [&hellip;]<\/p>\n","protected":false},"author":1,"featured_media":0,"parent":0,"menu_order":0,"comment_status":"closed","ping_status":"closed","template":"","meta":{"site-sidebar-layout":"default","site-content-layout":"","ast-site-content-layout":"default","site-content-style":"default","site-sidebar-style":"default","ast-global-header-display":"","ast-banner-title-visibility":"","ast-main-header-display":"","ast-hfb-above-header-display":"","ast-hfb-below-header-display":"","ast-hfb-mobile-header-display":"","site-post-title":"","ast-breadcrumbs-content":"","ast-featured-img":"","footer-sml-layout":"","ast-disable-related-posts":"","theme-transparent-header-meta":"","adv-header-id-meta":"","stick-header-meta":"","header-above-stick-meta":"","header-main-stick-meta":"","header-below-stick-meta":"","astra-migrate-meta-layouts":"set","ast-page-background-enabled":"default","ast-page-background-meta":{"desktop":{"background-color":"var(--ast-global-color-4)","background-image":"","background-repeat":"repeat","background-position":"center center","background-size":"auto","background-attachment":"scroll","background-type":"","background-media":"","overlay-type":"","overlay-color":"","overlay-opacity":"","overlay-gradient":""},"tablet":{"background-color":"","background-image":"","background-repeat":"repeat","background-position":"center center","background-size":"auto","background-attachment":"scroll","background-type":"","background-media":"","overlay-type":"","overlay-color":"","overlay-opacity":"","overlay-gradient":""},"mobile":{"background-color":"","background-image":"","background-repeat":"repeat","background-position":"center center","background-size":"auto","background-attachment":"scroll","background-type":"","background-media":"","overlay-type":"","overlay-color":"","overlay-opacity":"","overlay-gradient":""}},"ast-content-background-meta":{"desktop":{"background-color":"var(--ast-global-color-5)","background-image":"","background-repeat":"repeat","background-position":"center center","background-size":"auto","background-attachment":"scroll","background-type":"","background-media":"","overlay-type":"","overlay-color":"","overlay-opacity":"","overlay-gradient":""},"tablet":{"background-color":"var(--ast-global-color-5)","background-image":"","background-repeat":"repeat","background-position":"center center","background-size":"auto","background-attachment":"scroll","background-type":"","background-media":"","overlay-type":"","overlay-color":"","overlay-opacity":"","overlay-gradient":""},"mobile":{"background-color":"var(--ast-global-color-5)","background-image":"","background-repeat":"repeat","background-position":"center center","background-size":"auto","background-attachment":"scroll","background-type":"","background-media":"","overlay-type":"","overlay-color":"","overlay-opacity":"","overlay-gradient":""}},"footnotes":""},"class_list":["post-3878","page","type-page","status-publish","hentry"],"_links":{"self":[{"href":"https:\/\/adonato.dectim.ca\/agencetim\/wp-json\/wp\/v2\/pages\/3878","targetHints":{"allow":["GET"]}}],"collection":[{"href":"https:\/\/adonato.dectim.ca\/agencetim\/wp-json\/wp\/v2\/pages"}],"about":[{"href":"https:\/\/adonato.dectim.ca\/agencetim\/wp-json\/wp\/v2\/types\/page"}],"author":[{"embeddable":true,"href":"https:\/\/adonato.dectim.ca\/agencetim\/wp-json\/wp\/v2\/users\/1"}],"replies":[{"embeddable":true,"href":"https:\/\/adonato.dectim.ca\/agencetim\/wp-json\/wp\/v2\/comments?post=3878"}],"version-history":[{"count":4,"href":"https:\/\/adonato.dectim.ca\/agencetim\/wp-json\/wp\/v2\/pages\/3878\/revisions"}],"predecessor-version":[{"id":4883,"href":"https:\/\/adonato.dectim.ca\/agencetim\/wp-json\/wp\/v2\/pages\/3878\/revisions\/4883"}],"wp:attachment":[{"href":"https:\/\/adonato.dectim.ca\/agencetim\/wp-json\/wp\/v2\/media?parent=3878"}],"curies":[{"name":"wp","href":"https:\/\/api.w.org\/{rel}","templated":true}]}}