{"id":3884,"date":"2025-01-12T18:41:05","date_gmt":"2025-01-12T23:41:05","guid":{"rendered":"https:\/\/adonato.dectim.ca\/agencetim\/?page_id=3884"},"modified":"2025-01-27T17:04:28","modified_gmt":"2025-01-27T22:04:28","slug":"evaluations","status":"publish","type":"page","link":"https:\/\/adonato.dectim.ca\/agencetim\/evaluations\/","title":{"rendered":"\u00c9valuations"},"content":{"rendered":"\n<h5 class=\"wp-block-heading\">Un processus visant \u00e0 mesurer les connaissances et comp\u00e9tences. Diff\u00e9rentes m\u00e9thodes d\u2019\u00e9valuation sont utilis\u00e9es pour assurer un suivi efficace et favoriser l\u2019am\u00e9lioration continue.<\/h5>\n\n\n\n<div class=\"wp-block-query is-layout-constrained wp-block-query-is-layout-constrained\"><ul class=\"columns-4 wp-block-post-template is-layout-grid wp-container-core-post-template-is-layout-e7fd85f5 wp-block-post-template-is-layout-grid\"><li class=\"wp-block-post post-6231 post type-post status-publish format-standard has-post-thumbnail hentry category-evaluations\">\n\n<div class=\"wp-block-group is-layout-constrained wp-container-core-group-is-layout-e0082cf6 wp-block-group-is-layout-constrained\"><figure class=\"wp-block-post-featured-image\"><a href=\"https:\/\/adonato.dectim.ca\/agencetim\/tp1-aide-memoire-remise-partie-1\/\" target=\"_self\"  ><img loading=\"lazy\" decoding=\"async\" width=\"1536\" height=\"1024\" src=\"https:\/\/adonato.dectim.ca\/agencetim\/wp-content\/uploads\/2026\/02\/tp1-aidememoire.jpg\" class=\"attachment-post-thumbnail size-post-thumbnail wp-post-image\" alt=\"TP1 &#8211; Aide-m\u00e9moire &#8211; Remise partie 1\" style=\"object-fit:cover;\" srcset=\"https:\/\/adonato.dectim.ca\/agencetim\/wp-content\/uploads\/2026\/02\/tp1-aidememoire.jpg 1536w, https:\/\/adonato.dectim.ca\/agencetim\/wp-content\/uploads\/2026\/02\/tp1-aidememoire-300x200.jpg 300w, https:\/\/adonato.dectim.ca\/agencetim\/wp-content\/uploads\/2026\/02\/tp1-aidememoire-1024x683.jpg 1024w, https:\/\/adonato.dectim.ca\/agencetim\/wp-content\/uploads\/2026\/02\/tp1-aidememoire-768x512.jpg 768w\" sizes=\"auto, (max-width: 1536px) 100vw, 1536px\" \/><\/a><\/figure>\n\n<div class=\"wp-block-post-date has-small-font-size\"><time datetime=\"2026-02-04T14:23:21-05:00\">4 f\u00e9vrier 2026<\/time><\/div>\n\n<h4 class=\"wp-block-post-title\"><a href=\"https:\/\/adonato.dectim.ca\/agencetim\/tp1-aide-memoire-remise-partie-1\/\" target=\"_self\" >TP1 &#8211; Aide-m\u00e9moire &#8211; Remise partie 1<\/a><\/h4><\/div>\n\n<\/li><li class=\"wp-block-post post-620 post type-post status-publish format-standard has-post-thumbnail hentry category-evaluations\">\n\n<div class=\"wp-block-group is-layout-constrained wp-container-core-group-is-layout-e0082cf6 wp-block-group-is-layout-constrained\"><figure class=\"wp-block-post-featured-image\"><a href=\"https:\/\/adonato.dectim.ca\/agencetim\/objectifs-dapprentissage-et-evaluations\/\" target=\"_self\"  ><img loading=\"lazy\" decoding=\"async\" width=\"848\" height=\"566\" src=\"https:\/\/adonato.dectim.ca\/agencetim\/wp-content\/uploads\/2024\/01\/evaluation.jpg\" class=\"attachment-post-thumbnail size-post-thumbnail wp-post-image\" alt=\"Plan de cours, objectifs d&rsquo;apprentissage et \u00e9valuations\" style=\"object-fit:cover;\" srcset=\"https:\/\/adonato.dectim.ca\/agencetim\/wp-content\/uploads\/2024\/01\/evaluation.jpg 848w, https:\/\/adonato.dectim.ca\/agencetim\/wp-content\/uploads\/2024\/01\/evaluation-300x200.jpg 300w, https:\/\/adonato.dectim.ca\/agencetim\/wp-content\/uploads\/2024\/01\/evaluation-768x513.jpg 768w\" sizes=\"auto, (max-width: 848px) 100vw, 848px\" \/><\/a><\/figure>\n\n<div class=\"wp-block-post-date has-small-font-size\"><time datetime=\"2026-01-18T07:10:00-05:00\">18 janvier 2026<\/time><\/div>\n\n<h4 class=\"wp-block-post-title\"><a href=\"https:\/\/adonato.dectim.ca\/agencetim\/objectifs-dapprentissage-et-evaluations\/\" target=\"_self\" >Plan de cours, objectifs d&rsquo;apprentissage et \u00e9valuations<\/a><\/h4><\/div>\n\n<\/li><li class=\"wp-block-post post-3467 post type-post status-publish format-standard has-post-thumbnail hentry category-evaluations\">\n\n<div class=\"wp-block-group is-layout-constrained wp-container-core-group-is-layout-e0082cf6 wp-block-group-is-layout-constrained\"><figure class=\"wp-block-post-featured-image\"><a href=\"https:\/\/adonato.dectim.ca\/agencetim\/tp1-journal-de-bord\/\" target=\"_self\"  ><img loading=\"lazy\" decoding=\"async\" width=\"1365\" height=\"1024\" src=\"https:\/\/adonato.dectim.ca\/agencetim\/wp-content\/uploads\/2024\/12\/journaldebord.jpg\" class=\"attachment-post-thumbnail size-post-thumbnail wp-post-image\" alt=\"TP1 &#8211; Projet individuel &#8211; Journal de bord\" style=\"object-fit:cover;\" srcset=\"https:\/\/adonato.dectim.ca\/agencetim\/wp-content\/uploads\/2024\/12\/journaldebord.jpg 1365w, https:\/\/adonato.dectim.ca\/agencetim\/wp-content\/uploads\/2024\/12\/journaldebord-300x225.jpg 300w, https:\/\/adonato.dectim.ca\/agencetim\/wp-content\/uploads\/2024\/12\/journaldebord-1024x768.jpg 1024w, https:\/\/adonato.dectim.ca\/agencetim\/wp-content\/uploads\/2024\/12\/journaldebord-768x576.jpg 768w\" sizes=\"auto, (max-width: 1365px) 100vw, 1365px\" \/><\/a><\/figure>\n\n<div class=\"wp-block-post-date has-small-font-size\"><time datetime=\"2026-01-10T19:33:00-05:00\">10 janvier 2026<\/time><\/div>\n\n<h4 class=\"wp-block-post-title\"><a href=\"https:\/\/adonato.dectim.ca\/agencetim\/tp1-journal-de-bord\/\" target=\"_self\" >TP1 &#8211; Projet individuel &#8211; Journal de bord<\/a><\/h4><\/div>\n\n<\/li><li class=\"wp-block-post post-3472 post type-post status-publish format-standard has-post-thumbnail hentry category-evaluations\">\n\n<div class=\"wp-block-group is-layout-constrained wp-container-core-group-is-layout-e0082cf6 wp-block-group-is-layout-constrained\"><figure class=\"wp-block-post-featured-image\"><a href=\"https:\/\/adonato.dectim.ca\/agencetim\/tp2-projet-dequipe\/\" target=\"_self\"  ><img loading=\"lazy\" decoding=\"async\" width=\"1366\" height=\"1024\" src=\"https:\/\/adonato.dectim.ca\/agencetim\/wp-content\/uploads\/2024\/12\/tp2-projetequipe.jpg\" class=\"attachment-post-thumbnail size-post-thumbnail wp-post-image\" alt=\"TP2- Projet d&rsquo;\u00e9quipe &#8211; Cr\u00e9ation d&rsquo;une entreprise de services ou d&rsquo;une entreprise de produit\" style=\"object-fit:cover;\" srcset=\"https:\/\/adonato.dectim.ca\/agencetim\/wp-content\/uploads\/2024\/12\/tp2-projetequipe.jpg 1366w, https:\/\/adonato.dectim.ca\/agencetim\/wp-content\/uploads\/2024\/12\/tp2-projetequipe-300x225.jpg 300w, https:\/\/adonato.dectim.ca\/agencetim\/wp-content\/uploads\/2024\/12\/tp2-projetequipe-1024x768.jpg 1024w, https:\/\/adonato.dectim.ca\/agencetim\/wp-content\/uploads\/2024\/12\/tp2-projetequipe-768x576.jpg 768w\" sizes=\"auto, (max-width: 1366px) 100vw, 1366px\" \/><\/a><\/figure>\n\n<div class=\"wp-block-post-date has-small-font-size\"><time datetime=\"2025-12-30T20:01:00-05:00\">30 D\u00e9cembre 2025<\/time><\/div>\n\n<h4 class=\"wp-block-post-title\"><a href=\"https:\/\/adonato.dectim.ca\/agencetim\/tp2-projet-dequipe\/\" target=\"_self\" >TP2- Projet d&rsquo;\u00e9quipe &#8211; Cr\u00e9ation d&rsquo;une entreprise de services ou d&rsquo;une entreprise de produit<\/a><\/h4><\/div>\n\n<\/li><li class=\"wp-block-post post-3222 post type-post status-publish format-standard has-post-thumbnail hentry category-evaluations\">\n\n<div class=\"wp-block-group is-layout-constrained wp-container-core-group-is-layout-e0082cf6 wp-block-group-is-layout-constrained\"><figure class=\"wp-block-post-featured-image\"><a href=\"https:\/\/adonato.dectim.ca\/agencetim\/examen-final\/\" target=\"_self\"  ><img loading=\"lazy\" decoding=\"async\" width=\"1366\" height=\"1024\" src=\"https:\/\/adonato.dectim.ca\/agencetim\/wp-content\/uploads\/2024\/05\/examen.jpg\" class=\"attachment-post-thumbnail size-post-thumbnail wp-post-image\" alt=\"Examen final &#8211; Entrevue Teams avec pr\u00e9sentation d\u2019un PechaKucha\" style=\"object-fit:cover;\" srcset=\"https:\/\/adonato.dectim.ca\/agencetim\/wp-content\/uploads\/2024\/05\/examen.jpg 1366w, https:\/\/adonato.dectim.ca\/agencetim\/wp-content\/uploads\/2024\/05\/examen-300x225.jpg 300w, https:\/\/adonato.dectim.ca\/agencetim\/wp-content\/uploads\/2024\/05\/examen-1024x768.jpg 1024w, https:\/\/adonato.dectim.ca\/agencetim\/wp-content\/uploads\/2024\/05\/examen-768x576.jpg 768w\" sizes=\"auto, (max-width: 1366px) 100vw, 1366px\" \/><\/a><\/figure>\n\n<div class=\"wp-block-post-date has-small-font-size\"><time datetime=\"2024-05-08T07:00:00-04:00\">8 mai 2024<\/time><\/div>\n\n<h4 class=\"wp-block-post-title\"><a href=\"https:\/\/adonato.dectim.ca\/agencetim\/examen-final\/\" target=\"_self\" >Examen final &#8211; Entrevue Teams avec pr\u00e9sentation d\u2019un PechaKucha<\/a><\/h4><\/div>\n\n<\/li><li class=\"wp-block-post post-5290 post type-post status-publish format-standard has-post-thumbnail hentry category-evaluations category-ressources\">\n\n<div class=\"wp-block-group is-layout-constrained wp-container-core-group-is-layout-e0082cf6 wp-block-group-is-layout-constrained\"><figure class=\"wp-block-post-featured-image\"><a href=\"https:\/\/adonato.dectim.ca\/agencetim\/rappel-5objectifs-apprentissage\/\" target=\"_self\"  ><img loading=\"lazy\" decoding=\"async\" width=\"1792\" height=\"1024\" src=\"https:\/\/adonato.dectim.ca\/agencetim\/wp-content\/uploads\/2025\/03\/DALL\u00b7E-2025-03-22-14.51.11-Illustration-en-style-roman-graphique-noir-et-blanc-repre\u0301sentant-les-cinq-objectifs-visuellement-re\u0301unis-en-une-seule-sce\u0300ne-en-orientation-paysage.-Au-.webp\" class=\"attachment-post-thumbnail size-post-thumbnail wp-post-image\" alt=\"\u00cates-vous sur la bonne voie pour atteindre les 5 objectifs d&rsquo;apprentissage du cours d&rsquo;ici la semaine 15?\" style=\"object-fit:cover;\" srcset=\"https:\/\/adonato.dectim.ca\/agencetim\/wp-content\/uploads\/2025\/03\/DALL\u00b7E-2025-03-22-14.51.11-Illustration-en-style-roman-graphique-noir-et-blanc-repre\u0301sentant-les-cinq-objectifs-visuellement-re\u0301unis-en-une-seule-sce\u0300ne-en-orientation-paysage.-Au-.webp 1792w, https:\/\/adonato.dectim.ca\/agencetim\/wp-content\/uploads\/2025\/03\/DALL\u00b7E-2025-03-22-14.51.11-Illustration-en-style-roman-graphique-noir-et-blanc-repre\u0301sentant-les-cinq-objectifs-visuellement-re\u0301unis-en-une-seule-sce\u0300ne-en-orientation-paysage.-Au--300x171.webp 300w, https:\/\/adonato.dectim.ca\/agencetim\/wp-content\/uploads\/2025\/03\/DALL\u00b7E-2025-03-22-14.51.11-Illustration-en-style-roman-graphique-noir-et-blanc-repre\u0301sentant-les-cinq-objectifs-visuellement-re\u0301unis-en-une-seule-sce\u0300ne-en-orientation-paysage.-Au--1024x585.webp 1024w, https:\/\/adonato.dectim.ca\/agencetim\/wp-content\/uploads\/2025\/03\/DALL\u00b7E-2025-03-22-14.51.11-Illustration-en-style-roman-graphique-noir-et-blanc-repre\u0301sentant-les-cinq-objectifs-visuellement-re\u0301unis-en-une-seule-sce\u0300ne-en-orientation-paysage.-Au--768x439.webp 768w, https:\/\/adonato.dectim.ca\/agencetim\/wp-content\/uploads\/2025\/03\/DALL\u00b7E-2025-03-22-14.51.11-Illustration-en-style-roman-graphique-noir-et-blanc-repre\u0301sentant-les-cinq-objectifs-visuellement-re\u0301unis-en-une-seule-sce\u0300ne-en-orientation-paysage.-Au--1536x878.webp 1536w\" sizes=\"auto, (max-width: 1792px) 100vw, 1792px\" \/><\/a><\/figure>\n\n<div class=\"wp-block-post-date has-small-font-size\"><time datetime=\"2024-03-22T14:02:00-04:00\">22 mars 2024<\/time><\/div>\n\n<h4 class=\"wp-block-post-title\"><a href=\"https:\/\/adonato.dectim.ca\/agencetim\/rappel-5objectifs-apprentissage\/\" target=\"_self\" >\u00cates-vous sur la bonne voie pour atteindre les 5 objectifs d&rsquo;apprentissage du cours d&rsquo;ici la semaine 15?<\/a><\/h4><\/div>\n\n<\/li><\/ul>\n\n\n\n<\/div>\n","protected":false},"excerpt":{"rendered":"<p>Un processus visant \u00e0 mesurer les connaissances et comp\u00e9tences. Diff\u00e9rentes m\u00e9thodes d\u2019\u00e9valuation sont utilis\u00e9es pour assurer un suivi efficace et [&hellip;]<\/p>\n","protected":false},"author":1,"featured_media":0,"parent":0,"menu_order":0,"comment_status":"closed","ping_status":"closed","template":"","meta":{"site-sidebar-layout":"default","site-content-layout":"","ast-site-content-layout":"default","site-content-style":"default","site-sidebar-style":"default","ast-global-header-display":"","ast-banner-title-visibility":"","ast-main-header-display":"","ast-hfb-above-header-display":"","ast-hfb-below-header-display":"","ast-hfb-mobile-header-display":"","site-post-title":"","ast-breadcrumbs-content":"","ast-featured-img":"","footer-sml-layout":"","ast-disable-related-posts":"","theme-transparent-header-meta":"","adv-header-id-meta":"","stick-header-meta":"","header-above-stick-meta":"","header-main-stick-meta":"","header-below-stick-meta":"","astra-migrate-meta-layouts":"set","ast-page-background-enabled":"default","ast-page-background-meta":{"desktop":{"background-color":"var(--ast-global-color-4)","background-image":"","background-repeat":"repeat","background-position":"center center","background-size":"auto","background-attachment":"scroll","background-type":"","background-media":"","overlay-type":"","overlay-color":"","overlay-opacity":"","overlay-gradient":""},"tablet":{"background-color":"","background-image":"","background-repeat":"repeat","background-position":"center center","background-size":"auto","background-attachment":"scroll","background-type":"","background-media":"","overlay-type":"","overlay-color":"","overlay-opacity":"","overlay-gradient":""},"mobile":{"background-color":"","background-image":"","background-repeat":"repeat","background-position":"center center","background-size":"auto","background-attachment":"scroll","background-type":"","background-media":"","overlay-type":"","overlay-color":"","overlay-opacity":"","overlay-gradient":""}},"ast-content-background-meta":{"desktop":{"background-color":"var(--ast-global-color-5)","background-image":"","background-repeat":"repeat","background-position":"center center","background-size":"auto","background-attachment":"scroll","background-type":"","background-media":"","overlay-type":"","overlay-color":"","overlay-opacity":"","overlay-gradient":""},"tablet":{"background-color":"var(--ast-global-color-5)","background-image":"","background-repeat":"repeat","background-position":"center center","background-size":"auto","background-attachment":"scroll","background-type":"","background-media":"","overlay-type":"","overlay-color":"","overlay-opacity":"","overlay-gradient":""},"mobile":{"background-color":"var(--ast-global-color-5)","background-image":"","background-repeat":"repeat","background-position":"center center","background-size":"auto","background-attachment":"scroll","background-type":"","background-media":"","overlay-type":"","overlay-color":"","overlay-opacity":"","overlay-gradient":""}},"footnotes":""},"class_list":["post-3884","page","type-page","status-publish","hentry"],"_links":{"self":[{"href":"https:\/\/adonato.dectim.ca\/agencetim\/wp-json\/wp\/v2\/pages\/3884","targetHints":{"allow":["GET"]}}],"collection":[{"href":"https:\/\/adonato.dectim.ca\/agencetim\/wp-json\/wp\/v2\/pages"}],"about":[{"href":"https:\/\/adonato.dectim.ca\/agencetim\/wp-json\/wp\/v2\/types\/page"}],"author":[{"embeddable":true,"href":"https:\/\/adonato.dectim.ca\/agencetim\/wp-json\/wp\/v2\/users\/1"}],"replies":[{"embeddable":true,"href":"https:\/\/adonato.dectim.ca\/agencetim\/wp-json\/wp\/v2\/comments?post=3884"}],"version-history":[{"count":4,"href":"https:\/\/adonato.dectim.ca\/agencetim\/wp-json\/wp\/v2\/pages\/3884\/revisions"}],"predecessor-version":[{"id":4047,"href":"https:\/\/adonato.dectim.ca\/agencetim\/wp-json\/wp\/v2\/pages\/3884\/revisions\/4047"}],"wp:attachment":[{"href":"https:\/\/adonato.dectim.ca\/agencetim\/wp-json\/wp\/v2\/media?parent=3884"}],"curies":[{"name":"wp","href":"https:\/\/api.w.org\/{rel}","templated":true}]}}