{"id":3892,"date":"2025-01-12T18:43:10","date_gmt":"2025-01-12T23:43:10","guid":{"rendered":"https:\/\/adonato.dectim.ca\/agencetim\/?page_id=3892"},"modified":"2025-01-12T18:45:18","modified_gmt":"2025-01-12T23:45:18","slug":"blogue","status":"publish","type":"page","link":"https:\/\/adonato.dectim.ca\/agencetim\/blogue\/","title":{"rendered":"Blogue"},"content":{"rendered":"\n<h5 class=\"wp-block-heading\">Un espace d\u2019\u00e9change et d\u2019information sur divers sujets. Articles, \u00e9tudes et actualit\u00e9s y sont partag\u00e9s pour enrichir les connaissances et stimuler la r\u00e9flexion.<\/h5>\n\n\n\n<div class=\"wp-block-query is-layout-constrained wp-block-query-is-layout-constrained\"><ul class=\"columns-4 wp-block-post-template is-layout-grid wp-container-core-post-template-is-layout-e7fd85f5 wp-block-post-template-is-layout-grid\"><li class=\"wp-block-post post-5125 post type-post status-publish format-standard has-post-thumbnail hentry category-blogue\">\n\n<div class=\"wp-block-group is-layout-constrained wp-container-core-group-is-layout-e0082cf6 wp-block-group-is-layout-constrained\"><figure class=\"wp-block-post-featured-image\"><a href=\"https:\/\/adonato.dectim.ca\/agencetim\/societe-dopaminergique\/\" target=\"_self\"  ><img loading=\"lazy\" decoding=\"async\" width=\"960\" height=\"540\" src=\"https:\/\/adonato.dectim.ca\/agencetim\/wp-content\/uploads\/2025\/03\/dopamine-1.jpg\" class=\"attachment-post-thumbnail size-post-thumbnail wp-post-image\" alt=\"La soci\u00e9t\u00e9 d&rsquo;opulence : Comment la recherche de dopamine nous prend en otage\" style=\"object-fit:cover;\" srcset=\"https:\/\/adonato.dectim.ca\/agencetim\/wp-content\/uploads\/2025\/03\/dopamine-1.jpg 960w, https:\/\/adonato.dectim.ca\/agencetim\/wp-content\/uploads\/2025\/03\/dopamine-1-300x169.jpg 300w, https:\/\/adonato.dectim.ca\/agencetim\/wp-content\/uploads\/2025\/03\/dopamine-1-768x432.jpg 768w\" sizes=\"auto, (max-width: 960px) 100vw, 960px\" \/><\/a><\/figure>\n\n<div class=\"wp-block-post-date has-small-font-size\"><time datetime=\"2025-03-08T10:49:01-05:00\">8 mars 2025<\/time><\/div>\n\n<h4 class=\"wp-block-post-title\"><a href=\"https:\/\/adonato.dectim.ca\/agencetim\/societe-dopaminergique\/\" target=\"_self\" >La soci\u00e9t\u00e9 d&rsquo;opulence : Comment la recherche de dopamine nous prend en otage<\/a><\/h4><\/div>\n\n<\/li><li class=\"wp-block-post post-5035 post type-post status-publish format-standard has-post-thumbnail hentry category-blogue\">\n\n<div class=\"wp-block-group is-layout-constrained wp-container-core-group-is-layout-e0082cf6 wp-block-group-is-layout-constrained\"><figure class=\"wp-block-post-featured-image\"><a href=\"https:\/\/adonato.dectim.ca\/agencetim\/suggestions-2025\/\" target=\"_self\"  ><img loading=\"lazy\" decoding=\"async\" width=\"2560\" height=\"1792\" src=\"https:\/\/adonato.dectim.ca\/agencetim\/wp-content\/uploads\/2025\/03\/amelioration-continue.jpg\" class=\"attachment-post-thumbnail size-post-thumbnail wp-post-image\" alt=\"R\u00e9troactions des \u00e9tudiant.es sur les contenus et \u00e9valuations du cours d&rsquo;environnement professionnel 2025\" style=\"object-fit:cover;\" srcset=\"https:\/\/adonato.dectim.ca\/agencetim\/wp-content\/uploads\/2025\/03\/amelioration-continue.jpg 2560w, https:\/\/adonato.dectim.ca\/agencetim\/wp-content\/uploads\/2025\/03\/amelioration-continue-300x210.jpg 300w, https:\/\/adonato.dectim.ca\/agencetim\/wp-content\/uploads\/2025\/03\/amelioration-continue-1024x717.jpg 1024w, https:\/\/adonato.dectim.ca\/agencetim\/wp-content\/uploads\/2025\/03\/amelioration-continue-768x538.jpg 768w, https:\/\/adonato.dectim.ca\/agencetim\/wp-content\/uploads\/2025\/03\/amelioration-continue-1536x1075.jpg 1536w, https:\/\/adonato.dectim.ca\/agencetim\/wp-content\/uploads\/2025\/03\/amelioration-continue-2048x1434.jpg 2048w\" sizes=\"auto, (max-width: 2560px) 100vw, 2560px\" \/><\/a><\/figure>\n\n<div class=\"wp-block-post-date has-small-font-size\"><time datetime=\"2025-03-04T11:24:59-05:00\">4 mars 2025<\/time><\/div>\n\n<h4 class=\"wp-block-post-title\"><a href=\"https:\/\/adonato.dectim.ca\/agencetim\/suggestions-2025\/\" target=\"_self\" >R\u00e9troactions des \u00e9tudiant.es sur les contenus et \u00e9valuations du cours d&rsquo;environnement professionnel 2025<\/a><\/h4><\/div>\n\n<\/li><li class=\"wp-block-post post-5000 post type-post status-publish format-standard has-post-thumbnail hentry category-blogue\">\n\n<div class=\"wp-block-group is-layout-constrained wp-container-core-group-is-layout-e0082cf6 wp-block-group-is-layout-constrained\"><figure class=\"wp-block-post-featured-image\"><a href=\"https:\/\/adonato.dectim.ca\/agencetim\/role-professeur\/\" target=\"_self\"  ><img loading=\"lazy\" decoding=\"async\" width=\"3678\" height=\"2325\" src=\"https:\/\/adonato.dectim.ca\/agencetim\/wp-content\/uploads\/2025\/02\/mentor-facilitateur-1.png\" class=\"attachment-post-thumbnail size-post-thumbnail wp-post-image\" alt=\"Le r\u00f4le d&rsquo;un professeur dans un contexte o\u00f9 l&rsquo;\u00e9tudiant est 100% responsable de son apprentissage et de sa r\u00e9ussite\" style=\"object-fit:cover;\" srcset=\"https:\/\/adonato.dectim.ca\/agencetim\/wp-content\/uploads\/2025\/02\/mentor-facilitateur-1.png 3678w, https:\/\/adonato.dectim.ca\/agencetim\/wp-content\/uploads\/2025\/02\/mentor-facilitateur-1-300x190.png 300w, https:\/\/adonato.dectim.ca\/agencetim\/wp-content\/uploads\/2025\/02\/mentor-facilitateur-1-1024x647.png 1024w, https:\/\/adonato.dectim.ca\/agencetim\/wp-content\/uploads\/2025\/02\/mentor-facilitateur-1-768x485.png 768w, https:\/\/adonato.dectim.ca\/agencetim\/wp-content\/uploads\/2025\/02\/mentor-facilitateur-1-1536x971.png 1536w, https:\/\/adonato.dectim.ca\/agencetim\/wp-content\/uploads\/2025\/02\/mentor-facilitateur-1-2048x1295.png 2048w\" sizes=\"auto, (max-width: 3678px) 100vw, 3678px\" \/><\/a><\/figure>\n\n<div class=\"wp-block-post-date has-small-font-size\"><time datetime=\"2025-02-27T09:12:32-05:00\">27 f\u00e9vrier 2025<\/time><\/div>\n\n<h4 class=\"wp-block-post-title\"><a href=\"https:\/\/adonato.dectim.ca\/agencetim\/role-professeur\/\" target=\"_self\" >Le r\u00f4le d&rsquo;un professeur dans un contexte o\u00f9 l&rsquo;\u00e9tudiant est 100% responsable de son apprentissage et de sa r\u00e9ussite<\/a><\/h4><\/div>\n\n<\/li><li class=\"wp-block-post post-3207 post type-post status-publish format-standard has-post-thumbnail hentry category-blogue\">\n\n<div class=\"wp-block-group is-layout-constrained wp-container-core-group-is-layout-e0082cf6 wp-block-group-is-layout-constrained\"><figure class=\"wp-block-post-featured-image\"><a href=\"https:\/\/adonato.dectim.ca\/agencetim\/les-jeux-video-et-la-realite-similitudes-differences-et-zones-grises\/\" target=\"_self\"  ><img loading=\"lazy\" decoding=\"async\" width=\"1200\" height=\"800\" src=\"https:\/\/adonato.dectim.ca\/agencetim\/wp-content\/uploads\/2024\/05\/gamevsreality_minecraft.jpg\" class=\"attachment-post-thumbnail size-post-thumbnail wp-post-image\" alt=\"Les jeux vid\u00e9o et la r\u00e9alit\u00e9 : similitudes, diff\u00e9rences et zones grises\" style=\"object-fit:cover;\" srcset=\"https:\/\/adonato.dectim.ca\/agencetim\/wp-content\/uploads\/2024\/05\/gamevsreality_minecraft.jpg 1200w, https:\/\/adonato.dectim.ca\/agencetim\/wp-content\/uploads\/2024\/05\/gamevsreality_minecraft-300x200.jpg 300w, https:\/\/adonato.dectim.ca\/agencetim\/wp-content\/uploads\/2024\/05\/gamevsreality_minecraft-1024x683.jpg 1024w, https:\/\/adonato.dectim.ca\/agencetim\/wp-content\/uploads\/2024\/05\/gamevsreality_minecraft-768x512.jpg 768w\" sizes=\"auto, (max-width: 1200px) 100vw, 1200px\" \/><\/a><\/figure>\n\n<div class=\"wp-block-post-date has-small-font-size\"><time datetime=\"2024-05-01T08:24:46-04:00\">1 mai 2024<\/time><\/div>\n\n<h4 class=\"wp-block-post-title\"><a href=\"https:\/\/adonato.dectim.ca\/agencetim\/les-jeux-video-et-la-realite-similitudes-differences-et-zones-grises\/\" target=\"_self\" >Les jeux vid\u00e9o et la r\u00e9alit\u00e9 : similitudes, diff\u00e9rences et zones grises<\/a><\/h4><\/div>\n\n<\/li><li class=\"wp-block-post post-3151 post type-post status-publish format-standard has-post-thumbnail hentry category-blogue\">\n\n<div class=\"wp-block-group is-layout-constrained wp-container-core-group-is-layout-e0082cf6 wp-block-group-is-layout-constrained\"><figure class=\"wp-block-post-featured-image\"><a href=\"https:\/\/adonato.dectim.ca\/agencetim\/au-dela-de-nos-cerveaux-notre-physique-demeure-la-base\/\" target=\"_self\"  ><img loading=\"lazy\" decoding=\"async\" width=\"2000\" height=\"1288\" src=\"https:\/\/adonato.dectim.ca\/agencetim\/wp-content\/uploads\/2024\/04\/health.webp\" class=\"attachment-post-thumbnail size-post-thumbnail wp-post-image\" alt=\"La machine la plus importante: notre corps!\" style=\"object-fit:cover;\" srcset=\"https:\/\/adonato.dectim.ca\/agencetim\/wp-content\/uploads\/2024\/04\/health.webp 2000w, https:\/\/adonato.dectim.ca\/agencetim\/wp-content\/uploads\/2024\/04\/health-300x193.webp 300w, https:\/\/adonato.dectim.ca\/agencetim\/wp-content\/uploads\/2024\/04\/health-1024x659.webp 1024w, https:\/\/adonato.dectim.ca\/agencetim\/wp-content\/uploads\/2024\/04\/health-768x495.webp 768w, https:\/\/adonato.dectim.ca\/agencetim\/wp-content\/uploads\/2024\/04\/health-1536x989.webp 1536w\" sizes=\"auto, (max-width: 2000px) 100vw, 2000px\" \/><\/a><\/figure>\n\n<div class=\"wp-block-post-date has-small-font-size\"><time datetime=\"2024-04-30T12:55:10-04:00\">30 avril 2024<\/time><\/div>\n\n<h4 class=\"wp-block-post-title\"><a href=\"https:\/\/adonato.dectim.ca\/agencetim\/au-dela-de-nos-cerveaux-notre-physique-demeure-la-base\/\" target=\"_self\" >La machine la plus importante: notre corps!<\/a><\/h4><\/div>\n\n<\/li><li class=\"wp-block-post post-3051 post type-post status-publish format-standard has-post-thumbnail hentry category-blogue\">\n\n<div class=\"wp-block-group is-layout-constrained wp-container-core-group-is-layout-e0082cf6 wp-block-group-is-layout-constrained\"><figure class=\"wp-block-post-featured-image\"><a href=\"https:\/\/adonato.dectim.ca\/agencetim\/surmonter-lapathie-et-cultiver-lespoir\/\" target=\"_self\"  ><img loading=\"lazy\" decoding=\"async\" width=\"1300\" height=\"861\" src=\"https:\/\/adonato.dectim.ca\/agencetim\/wp-content\/uploads\/2024\/04\/espoir.jpeg\" class=\"attachment-post-thumbnail size-post-thumbnail wp-post-image\" alt=\"Surmonter l&rsquo;apathie et cultiver l&rsquo;espoir\" style=\"object-fit:cover;\" srcset=\"https:\/\/adonato.dectim.ca\/agencetim\/wp-content\/uploads\/2024\/04\/espoir.jpeg 1300w, https:\/\/adonato.dectim.ca\/agencetim\/wp-content\/uploads\/2024\/04\/espoir-300x199.jpeg 300w, https:\/\/adonato.dectim.ca\/agencetim\/wp-content\/uploads\/2024\/04\/espoir-1024x678.jpeg 1024w, https:\/\/adonato.dectim.ca\/agencetim\/wp-content\/uploads\/2024\/04\/espoir-768x509.jpeg 768w\" sizes=\"auto, (max-width: 1300px) 100vw, 1300px\" \/><\/a><\/figure>\n\n<div class=\"wp-block-post-date has-small-font-size\"><time datetime=\"2024-04-21T08:40:40-04:00\">21 avril 2024<\/time><\/div>\n\n<h4 class=\"wp-block-post-title\"><a href=\"https:\/\/adonato.dectim.ca\/agencetim\/surmonter-lapathie-et-cultiver-lespoir\/\" target=\"_self\" >Surmonter l&rsquo;apathie et cultiver l&rsquo;espoir<\/a><\/h4><\/div>\n\n<\/li><li class=\"wp-block-post post-2930 post type-post status-publish format-standard has-post-thumbnail hentry category-blogue\">\n\n<div class=\"wp-block-group is-layout-constrained wp-container-core-group-is-layout-e0082cf6 wp-block-group-is-layout-constrained\"><figure class=\"wp-block-post-featured-image\"><a href=\"https:\/\/adonato.dectim.ca\/agencetim\/journey-18ans\/\" target=\"_self\"  ><img loading=\"lazy\" decoding=\"async\" width=\"1200\" height=\"800\" src=\"https:\/\/adonato.dectim.ca\/agencetim\/wp-content\/uploads\/2024\/03\/journey_img-1.jpg\" class=\"attachment-post-thumbnail size-post-thumbnail wp-post-image\" alt=\"My Life, My Journey \u2013 Les fondations du succ\u00e8s \u00e0 18 ans\" style=\"object-fit:cover;\" srcset=\"https:\/\/adonato.dectim.ca\/agencetim\/wp-content\/uploads\/2024\/03\/journey_img-1.jpg 1200w, https:\/\/adonato.dectim.ca\/agencetim\/wp-content\/uploads\/2024\/03\/journey_img-1-300x200.jpg 300w, https:\/\/adonato.dectim.ca\/agencetim\/wp-content\/uploads\/2024\/03\/journey_img-1-1024x683.jpg 1024w, https:\/\/adonato.dectim.ca\/agencetim\/wp-content\/uploads\/2024\/03\/journey_img-1-768x512.jpg 768w\" sizes=\"auto, (max-width: 1200px) 100vw, 1200px\" \/><\/a><\/figure>\n\n<div class=\"wp-block-post-date has-small-font-size\"><time datetime=\"2024-04-10T07:57:33-04:00\">10 avril 2024<\/time><\/div>\n\n<h4 class=\"wp-block-post-title\"><a href=\"https:\/\/adonato.dectim.ca\/agencetim\/journey-18ans\/\" target=\"_self\" >My Life, My Journey \u2013 Les fondations du succ\u00e8s \u00e0 18 ans<\/a><\/h4><\/div>\n\n<\/li><li class=\"wp-block-post post-1191 post type-post status-publish format-standard has-post-thumbnail hentry category-blogue\">\n\n<div class=\"wp-block-group is-layout-constrained wp-container-core-group-is-layout-e0082cf6 wp-block-group-is-layout-constrained\"><figure class=\"wp-block-post-featured-image\"><a href=\"https:\/\/adonato.dectim.ca\/agencetim\/comment-la-discipline-et-lorganisation-menent-a-laction-un-guide-pour-les-etudiants\/\" target=\"_self\"  ><img loading=\"lazy\" decoding=\"async\" width=\"1792\" height=\"1024\" src=\"https:\/\/adonato.dectim.ca\/agencetim\/wp-content\/uploads\/2024\/02\/DALL\u00b7E-2024-02-05-20.27.39-Envision-a-dynamic-concept-art-piece-set-in-an-abstract-landscape-that-mirrors-the-chaos-of-procrastination-with-tangled-vines-disordered-clocks-an.webp\" class=\"attachment-post-thumbnail size-post-thumbnail wp-post-image\" alt=\"Discipline, organisation et \u00e9quilibre : la cl\u00e9 d\u2019un succ\u00e8s durable\" style=\"object-fit:cover;\" srcset=\"https:\/\/adonato.dectim.ca\/agencetim\/wp-content\/uploads\/2024\/02\/DALL\u00b7E-2024-02-05-20.27.39-Envision-a-dynamic-concept-art-piece-set-in-an-abstract-landscape-that-mirrors-the-chaos-of-procrastination-with-tangled-vines-disordered-clocks-an.webp 1792w, https:\/\/adonato.dectim.ca\/agencetim\/wp-content\/uploads\/2024\/02\/DALL\u00b7E-2024-02-05-20.27.39-Envision-a-dynamic-concept-art-piece-set-in-an-abstract-landscape-that-mirrors-the-chaos-of-procrastination-with-tangled-vines-disordered-clocks-an-300x171.webp 300w, https:\/\/adonato.dectim.ca\/agencetim\/wp-content\/uploads\/2024\/02\/DALL\u00b7E-2024-02-05-20.27.39-Envision-a-dynamic-concept-art-piece-set-in-an-abstract-landscape-that-mirrors-the-chaos-of-procrastination-with-tangled-vines-disordered-clocks-an-1024x585.webp 1024w, https:\/\/adonato.dectim.ca\/agencetim\/wp-content\/uploads\/2024\/02\/DALL\u00b7E-2024-02-05-20.27.39-Envision-a-dynamic-concept-art-piece-set-in-an-abstract-landscape-that-mirrors-the-chaos-of-procrastination-with-tangled-vines-disordered-clocks-an-768x439.webp 768w, https:\/\/adonato.dectim.ca\/agencetim\/wp-content\/uploads\/2024\/02\/DALL\u00b7E-2024-02-05-20.27.39-Envision-a-dynamic-concept-art-piece-set-in-an-abstract-landscape-that-mirrors-the-chaos-of-procrastination-with-tangled-vines-disordered-clocks-an-1536x878.webp 1536w\" sizes=\"auto, (max-width: 1792px) 100vw, 1792px\" \/><\/a><\/figure>\n\n<div class=\"wp-block-post-date has-small-font-size\"><time datetime=\"2024-02-05T20:29:17-05:00\">5 f\u00e9vrier 2024<\/time><\/div>\n\n<h4 class=\"wp-block-post-title\"><a href=\"https:\/\/adonato.dectim.ca\/agencetim\/comment-la-discipline-et-lorganisation-menent-a-laction-un-guide-pour-les-etudiants\/\" target=\"_self\" >Discipline, organisation et \u00e9quilibre : la cl\u00e9 d\u2019un succ\u00e8s durable<\/a><\/h4><\/div>\n\n<\/li><\/ul>\n\n\n\n<\/div>\n","protected":false},"excerpt":{"rendered":"<p>Un espace d\u2019\u00e9change et d\u2019information sur divers sujets. Articles, \u00e9tudes et actualit\u00e9s y sont partag\u00e9s pour enrichir les connaissances et [&hellip;]<\/p>\n","protected":false},"author":1,"featured_media":0,"parent":0,"menu_order":0,"comment_status":"closed","ping_status":"closed","template":"","meta":{"site-sidebar-layout":"default","site-content-layout":"","ast-site-content-layout":"default","site-content-style":"default","site-sidebar-style":"default","ast-global-header-display":"","ast-banner-title-visibility":"","ast-main-header-display":"","ast-hfb-above-header-display":"","ast-hfb-below-header-display":"","ast-hfb-mobile-header-display":"","site-post-title":"","ast-breadcrumbs-content":"","ast-featured-img":"","footer-sml-layout":"","ast-disable-related-posts":"","theme-transparent-header-meta":"","adv-header-id-meta":"","stick-header-meta":"","header-above-stick-meta":"","header-main-stick-meta":"","header-below-stick-meta":"","astra-migrate-meta-layouts":"set","ast-page-background-enabled":"default","ast-page-background-meta":{"desktop":{"background-color":"var(--ast-global-color-4)","background-image":"","background-repeat":"repeat","background-position":"center center","background-size":"auto","background-attachment":"scroll","background-type":"","background-media":"","overlay-type":"","overlay-color":"","overlay-opacity":"","overlay-gradient":""},"tablet":{"background-color":"","background-image":"","background-repeat":"repeat","background-position":"center center","background-size":"auto","background-attachment":"scroll","background-type":"","background-media":"","overlay-type":"","overlay-color":"","overlay-opacity":"","overlay-gradient":""},"mobile":{"background-color":"","background-image":"","background-repeat":"repeat","background-position":"center center","background-size":"auto","background-attachment":"scroll","background-type":"","background-media":"","overlay-type":"","overlay-color":"","overlay-opacity":"","overlay-gradient":""}},"ast-content-background-meta":{"desktop":{"background-color":"var(--ast-global-color-5)","background-image":"","background-repeat":"repeat","background-position":"center center","background-size":"auto","background-attachment":"scroll","background-type":"","background-media":"","overlay-type":"","overlay-color":"","overlay-opacity":"","overlay-gradient":""},"tablet":{"background-color":"var(--ast-global-color-5)","background-image":"","background-repeat":"repeat","background-position":"center center","background-size":"auto","background-attachment":"scroll","background-type":"","background-media":"","overlay-type":"","overlay-color":"","overlay-opacity":"","overlay-gradient":""},"mobile":{"background-color":"var(--ast-global-color-5)","background-image":"","background-repeat":"repeat","background-position":"center center","background-size":"auto","background-attachment":"scroll","background-type":"","background-media":"","overlay-type":"","overlay-color":"","overlay-opacity":"","overlay-gradient":""}},"footnotes":""},"class_list":["post-3892","page","type-page","status-publish","hentry"],"_links":{"self":[{"href":"https:\/\/adonato.dectim.ca\/agencetim\/wp-json\/wp\/v2\/pages\/3892","targetHints":{"allow":["GET"]}}],"collection":[{"href":"https:\/\/adonato.dectim.ca\/agencetim\/wp-json\/wp\/v2\/pages"}],"about":[{"href":"https:\/\/adonato.dectim.ca\/agencetim\/wp-json\/wp\/v2\/types\/page"}],"author":[{"embeddable":true,"href":"https:\/\/adonato.dectim.ca\/agencetim\/wp-json\/wp\/v2\/users\/1"}],"replies":[{"embeddable":true,"href":"https:\/\/adonato.dectim.ca\/agencetim\/wp-json\/wp\/v2\/comments?post=3892"}],"version-history":[{"count":2,"href":"https:\/\/adonato.dectim.ca\/agencetim\/wp-json\/wp\/v2\/pages\/3892\/revisions"}],"predecessor-version":[{"id":3899,"href":"https:\/\/adonato.dectim.ca\/agencetim\/wp-json\/wp\/v2\/pages\/3892\/revisions\/3899"}],"wp:attachment":[{"href":"https:\/\/adonato.dectim.ca\/agencetim\/wp-json\/wp\/v2\/media?parent=3892"}],"curies":[{"name":"wp","href":"https:\/\/api.w.org\/{rel}","templated":true}]}}